{"id":9980,"date":"2021-11-09T14:23:32","date_gmt":"2021-11-09T19:23:32","guid":{"rendered":"https:\/\/platform.enroll-hd.org\/?page_id=9980"},"modified":"2025-08-21T11:08:22","modified_gmt":"2025-08-21T15:08:22","slug":"enroll-hd-publication-policy","status":"publish","type":"page","link":"https:\/\/www.enroll-hd.org\/it\/for-researchers\/enroll-hd-publication-policy\/","title":{"rendered":"Politica di pubblicazione Enroll-HD"},"content":{"rendered":"<style>.elementor-9980 .elementor-element.elementor-element-947a9e8{color:var( --e-global-color-text );padding:30px 0px 0px 0px;}.elementor-9980 .elementor-element.elementor-element-947a9e8 a{color:var( --e-global-color-primary );}.elementor-9980 .elementor-element.elementor-element-1f17bab > .elementor-widget-container{padding:20px 0px 0px 0px;}:root{--page-title-display:none;}<\/style>\t\t<div data-elementor-type=\"wp-page\" data-elementor-id=\"9980\" class=\"elementor elementor-9980\" data-elementor-post-type=\"page\">\n\t\t\t\t\t\t<section class=\"elementor-section elementor-top-section elementor-element elementor-element-947a9e8 elementor-section-boxed elementor-section-height-default elementor-section-height-default\" data-id=\"947a9e8\" data-element_type=\"section\" data-e-type=\"section\">\n\t\t\t\t\t\t<div class=\"elementor-container elementor-column-gap-default\">\n\t\t\t\t\t<div class=\"elementor-column elementor-col-100 elementor-top-column elementor-element elementor-element-38e32a9\" data-id=\"38e32a9\" data-element_type=\"column\" data-e-type=\"column\">\n\t\t\t<div class=\"elementor-widget-wrap elementor-element-populated\">\n\t\t\t\t\t\t<div class=\"elementor-element elementor-element-d890a2e elementor-widget elementor-widget-heading\" data-id=\"d890a2e\" data-element_type=\"widget\" data-e-type=\"widget\" data-widget_type=\"heading.default\">\n\t\t\t\t<div class=\"elementor-widget-container\">\n\t\t\t\t\t<h2 class=\"elementor-heading-title elementor-size-default\">Enroll-HD \u2013 Politica di pubblicazione<\/h2>\t\t\t\t<\/div>\n\t\t\t\t<\/div>\n\t\t\t\t<div class=\"elementor-element elementor-element-1f17bab elementor-widget elementor-widget-text-editor\" data-id=\"1f17bab\" data-element_type=\"widget\" data-e-type=\"widget\" data-widget_type=\"text-editor.default\">\n\t\t\t\t<div class=\"elementor-widget-container\">\n\t\t\t\t\t\t\t\t\t<p>Enroll-HD e la Fondazione CHDI rispettano la libert\u00e0 dei ricercatori di perseguire i propri interessi di ricerca, inclusa la pubblicazione indipendente e illimitata delle proprie analisi e risultati.<\/p><p>I ricercatori che utilizzano dati o campioni biologici generati nell\u2019ambito dello studio Enroll-HD si impegnano a:<\/p>\t\t\t\t\t\t\t\t<\/div>\n\t\t\t\t<\/div>\n\t\t\t\t<div class=\"elementor-element elementor-element-f5eaa14 elementor-widget elementor-widget-text-editor\" data-id=\"f5eaa14\" data-element_type=\"widget\" data-e-type=\"widget\" data-widget_type=\"text-editor.default\">\n\t\t\t\t<div class=\"elementor-widget-container\">\n\t\t\t\t\t\t\t\t\t<ol><li>pubblicazione tempestiva di tutti i dati validi, risultati e altri risultati derivati utilizzando dati o campioni biologici;<\/li><li>riconoscimento del ruolo svolto da tutti i soggetti che contribuiscono ad una pubblicazione, in qualit\u00e0 di autori o meno;<\/li><li>Riconoscimento (nella sezione Metodi, ove appropriato) dei metodi di raccolta dati dello studio Enroll-HD con la seguente dicitura: &quot;I dati utilizzati in questo lavoro sono stati generosamente forniti dai partecipanti allo studio Enroll-HD e resi disponibili dalla CHDI Foundation, Inc. Enroll-HD \u00e8 una piattaforma globale di ricerca clinica progettata per facilitare la ricerca clinica sulla malattia di Huntington. I set di dati principali vengono raccolti annualmente da tutti i partecipanti alla ricerca nell&#039;ambito di questo studio osservazionale longitudinale multicentrico. La qualit\u00e0 e l&#039;accuratezza dei dati vengono monitorate utilizzando un approccio di monitoraggio basato sul rischio. Tutti i siti sono tenuti a ottenere e mantenere l&#039;approvazione etica locale.&quot;;<\/li><li>riconoscimento dei partecipanti alla ricerca Enroll-HD come gruppo e del supporto della Fondazione CHDI in qualit\u00e0 di sponsor con la seguente dicitura: &quot;I campioni biologici e i dati utilizzati in questo lavoro sono stati generosamente forniti dai partecipanti allo studio Enroll-HD e resi disponibili dalla Fondazione CHDI, Inc. Enroll-HD \u00e8 una piattaforma di ricerca clinica e uno studio osservazionale longitudinale per le famiglie affette dalla malattia di Huntington, finalizzato ad accelerare i progressi verso le terapie; \u00e8 sponsorizzato dalla Fondazione CHDI, un&#039;organizzazione di ricerca biomedica senza scopo di lucro dedicata esclusivamente allo sviluppo collaborativo di terapie che miglioreranno sostanzialmente la vita delle persone affette da MH. Enroll-HD non sarebbe possibile senza il contributo fondamentale dei partecipanti alla ricerca e delle loro famiglie&quot;. Anche altre entit\u00e0 che forniscono supporto (finanziario o di altro tipo) devono essere riconosciute, ove opportuno; e<\/li><li>riconoscimento dei soggetti che hanno contribuito alla raccolta dei dati Enroll-HD inserendo l&#039;URL (<a href=\"https:\/\/enroll-hd.org\/enrollhd_documents\/Enroll-HD_Acknowledgement-List_20250821.pdf\" target=\"_blank\" rel=\"noopener\">https:\/\/enroll-hd.org\/enrollhd_documents\/Enroll-HD_Acknowledgement-List_20250821.pdf<\/a>) che elenca tali individui.<\/li><\/ol>\t\t\t\t\t\t\t\t<\/div>\n\t\t\t\t<\/div>\n\t\t\t\t<div class=\"elementor-element elementor-element-1143c1e elementor-widget elementor-widget-text-editor\" data-id=\"1143c1e\" data-element_type=\"widget\" data-e-type=\"widget\" data-widget_type=\"text-editor.default\">\n\t\t\t\t<div class=\"elementor-widget-container\">\n\t\t\t\t\t\t\t\t\t<p><br \/>Ricercatori che accedono ai dati o ai campioni biologici attraverso la piattaforma Enroll-HD che sono stati generati all&#039;interno\u00a0<a href=\"\/it\/for-researchers\/hd-studies\/\">altri studi clinici sulla MH<\/a> si impegnano allo stesso modo a rispettare questa politica di pubblicazione, incluso il riconoscimento del ruolo svolto da tutti gli individui che contribuiscono a una pubblicazione, come autori o meno, utilizzando il linguaggio determinato per ciascun set di dati nell&#039;accordo specifico sull&#039;utilizzo dei dati.<\/p><p><strong>Paternit\u00e0.<\/strong> L&#039;idoneit\u00e0 alla paternit\u00e0, l&#039;ordine degli autori, il riconoscimento delle persone il cui contributo non giustifica la paternit\u00e0 ma merita il riconoscimento e, nella misura in cui affrontato, altre questioni relative alla paternit\u00e0 devono essere determinate dal comitato di pubblicazione (vedi sotto) in conformit\u00e0 con le linee guida per <a href=\"https:\/\/www.jneurosci.org\/content\/20\/1\/F5\" target=\"_blank\" rel=\"noopener\">Condotta responsabile nella comunicazione scientifica<\/a> stabiliti di volta in volta dalla Society for Neuroscience (SfN). In particolare, Enroll-HD aderir\u00e0 al\u00a0<a href=\"http:\/\/www.icmje.org\/recommendations\/browse\/roles-and-responsibilities\/defining-the-role-of-authors-and-contributors.html\" target=\"_blank\" rel=\"noopener noreferrer\">criteri di paternit\u00e0 definiti dal Comitato internazionale degli editori di riviste mediche<\/a>\u00a0(ICMJE) che sono gi\u00e0 adottati dalla SfN, <em>Il British Medical Journal, il Journal of the American Medical Association, il Lancet, il New England Journal of Medicine,<\/em> e la Biblioteca pubblica della scienza, tra molti altri.<\/p><p><strong>Comitato per la pubblicazione.<\/strong> Se uno o pi\u00f9 individui propongono di basare una pubblicazione scientifica sull&#039;analisi di dati o campioni biologici ottenuti tramite Enroll-HD\/CHDI e i dati o i campioni biologici non sono stati generati esclusivamente da tali individui, si raccomanda di costituire un comitato di pubblicazione per affrontare le questioni relative alla pubblicazione (inclusa la paternit\u00e0) relative alla pubblicazione. Il comitato di pubblicazione dovrebbe essere composto da tutte le persone che si qualificano come autori o che lo farebbero se venisse loro offerto un ruolo nella preparazione del manoscritto (vedere i criteri ICMJE sopra).<\/p><p><strong>Accesso libero.<\/strong> Le pubblicazioni scientifiche derivanti da dati e\/o campioni biologici forniti tramite la piattaforma Enroll-HD devono essere diffuse il pi\u00f9 ampiamente possibile. Gli autori sono incoraggiati a inviare le proprie pubblicazioni a riviste ad accesso aperto (gold); le pubblicazioni su tali riviste possono beneficiare del rimborso dei costi di pubblicazione da parte di CHDI (vedere <a href=\"https:\/\/chdifoundation.org\/policies\/#costs\" target=\"_blank\" rel=\"noopener noreferrer\">politica di rimborso delle spese di pubblicazione<\/a>).<\/p><p><strong>Archiviazione.<\/strong> I ricercatori che utilizzano dati di studio e\/o campioni biologici ottenuti tramite Enroll-HD sono incoraggiati a inviare una copia di ciascun manoscritto pubblicato a <a href=\"mailto:info@enroll-hd.org?subject=Enroll-HD%20dataset%20publications\">info@enroll-hd.org<\/a>\u00a0Al momento della pubblicazione, un link all&#039;articolo. Se consentito dalla rivista, una versione dell&#039;articolo (o un link ad esso) sar\u00e0 resa disponibile sul sito web Enroll-HD.<\/p><p>Aggiornato il 21 agosto 2025<\/p>\t\t\t\t\t\t\t\t<\/div>\n\t\t\t\t<\/div>\n\t\t\t\t\t<\/div>\n\t\t<\/div>\n\t\t\t\t\t<\/div>\n\t\t<\/section>\n\t\t\t\t<\/div>","protected":false},"excerpt":{"rendered":"<p>Enroll-HD \u2013 Politica di pubblicazione Enroll-HD e la Fondazione CHDI rispettano la libert\u00e0 dei ricercatori di perseguire i propri interessi di ricerca, inclusa la pubblicazione indipendente e senza restrizioni delle proprie analisi e risultati. I ricercatori che utilizzano dati o campioni biologici generati nell&#039;ambito dello studio Enroll-HD si impegnano a: pubblicare tempestivamente tutti i dati validi, gli esiti e gli altri risultati derivati utilizzando dati o campioni biologici; riconoscere [\u2026]<\/p>","protected":false},"author":1,"featured_media":0,"parent":1060,"menu_order":0,"comment_status":"closed","ping_status":"closed","template":"","meta":{"footnotes":"","_links_to":"","_links_to_target":""},"class_list":["post-9980","page","type-page","status-publish","hentry"],"_links":{"self":[{"href":"https:\/\/www.enroll-hd.org\/it\/wp-json\/wp\/v2\/pages\/9980","targetHints":{"allow":["GET"]}}],"collection":[{"href":"https:\/\/www.enroll-hd.org\/it\/wp-json\/wp\/v2\/pages"}],"about":[{"href":"https:\/\/www.enroll-hd.org\/it\/wp-json\/wp\/v2\/types\/page"}],"author":[{"embeddable":true,"href":"https:\/\/www.enroll-hd.org\/it\/wp-json\/wp\/v2\/users\/1"}],"replies":[{"embeddable":true,"href":"https:\/\/www.enroll-hd.org\/it\/wp-json\/wp\/v2\/comments?post=9980"}],"version-history":[{"count":58,"href":"https:\/\/www.enroll-hd.org\/it\/wp-json\/wp\/v2\/pages\/9980\/revisions"}],"predecessor-version":[{"id":18396,"href":"https:\/\/www.enroll-hd.org\/it\/wp-json\/wp\/v2\/pages\/9980\/revisions\/18396"}],"up":[{"embeddable":true,"href":"https:\/\/www.enroll-hd.org\/it\/wp-json\/wp\/v2\/pages\/1060"}],"wp:attachment":[{"href":"https:\/\/www.enroll-hd.org\/it\/wp-json\/wp\/v2\/media?parent=9980"}],"curies":[{"name":"wp","href":"https:\/\/api.w.org\/{rel}","templated":true}]}}