{"id":8384,"date":"2021-10-22T15:09:52","date_gmt":"2021-10-22T19:09:52","guid":{"rendered":"https:\/\/platform.enroll-hd.org\/?page_id=8384"},"modified":"2021-10-22T15:13:56","modified_gmt":"2021-10-22T19:13:56","slug":"enroll-hd-documentation","status":"publish","type":"page","link":"https:\/\/www.enroll-hd.org\/fr\/for-researchers\/data-support-documentation-bak\/enroll-hd-documentation\/","title":{"rendered":"Documentation Enroll-HD"},"content":{"rendered":"<style>.elementor-8384 .elementor-element.elementor-element-378030e .elementor-icon-list-items:not(.elementor-inline-items) .elementor-icon-list-item:not(:last-child){padding-block-end:calc(9px\/2);}.elementor-8384 .elementor-element.elementor-element-378030e .elementor-icon-list-items:not(.elementor-inline-items) .elementor-icon-list-item:not(:first-child){margin-block-start:calc(9px\/2);}.elementor-8384 .elementor-element.elementor-element-378030e .elementor-icon-list-items.elementor-inline-items .elementor-icon-list-item{margin-inline:calc(9px\/2);}.elementor-8384 .elementor-element.elementor-element-378030e .elementor-icon-list-items.elementor-inline-items{margin-inline:calc(-9px\/2);}.elementor-8384 .elementor-element.elementor-element-378030e .elementor-icon-list-items.elementor-inline-items .elementor-icon-list-item:after{inset-inline-end:calc(-9px\/2);}.elementor-8384 .elementor-element.elementor-element-378030e .elementor-icon-list-icon i{color:var( --e-global-color-f4dfc26 );transition:color 0.3s;}.elementor-8384 .elementor-element.elementor-element-378030e .elementor-icon-list-icon svg{fill:var( --e-global-color-f4dfc26 );transition:fill 0.3s;}.elementor-8384 .elementor-element.elementor-element-378030e{--e-icon-list-icon-size:14px;--icon-vertical-offset:0px;}.elementor-8384 .elementor-element.elementor-element-378030e .elementor-icon-list-icon{padding-inline-end:7px;}.elementor-8384 .elementor-element.elementor-element-378030e .elementor-icon-list-item > .elementor-icon-list-text, .elementor-8384 .elementor-element.elementor-element-378030e .elementor-icon-list-item > a{font-family:var( --e-global-typography-text-font-family ), Sans-serif;font-size:var( --e-global-typography-text-font-size );font-weight:var( --e-global-typography-text-font-weight );}.elementor-8384 .elementor-element.elementor-element-378030e .elementor-icon-list-text{color:#8A91AC;transition:color 0.3s;}.elementor-8384 .elementor-element.elementor-element-bec3b74 .elementor-icon-list-items:not(.elementor-inline-items) .elementor-icon-list-item:not(:last-child){padding-block-end:calc(9px\/2);}.elementor-8384 .elementor-element.elementor-element-bec3b74 .elementor-icon-list-items:not(.elementor-inline-items) .elementor-icon-list-item:not(:first-child){margin-block-start:calc(9px\/2);}.elementor-8384 .elementor-element.elementor-element-bec3b74 .elementor-icon-list-items.elementor-inline-items .elementor-icon-list-item{margin-inline:calc(9px\/2);}.elementor-8384 .elementor-element.elementor-element-bec3b74 .elementor-icon-list-items.elementor-inline-items{margin-inline:calc(-9px\/2);}.elementor-8384 .elementor-element.elementor-element-bec3b74 .elementor-icon-list-items.elementor-inline-items .elementor-icon-list-item:after{inset-inline-end:calc(-9px\/2);}.elementor-8384 .elementor-element.elementor-element-bec3b74 .elementor-icon-list-icon i{color:var( --e-global-color-f4dfc26 );transition:color 0.3s;}.elementor-8384 .elementor-element.elementor-element-bec3b74 .elementor-icon-list-icon svg{fill:var( --e-global-color-f4dfc26 );transition:fill 0.3s;}.elementor-8384 .elementor-element.elementor-element-bec3b74{--e-icon-list-icon-size:14px;--icon-vertical-offset:0px;}.elementor-8384 .elementor-element.elementor-element-bec3b74 .elementor-icon-list-icon{padding-inline-end:7px;}.elementor-8384 .elementor-element.elementor-element-bec3b74 .elementor-icon-list-item > .elementor-icon-list-text, .elementor-8384 .elementor-element.elementor-element-bec3b74 .elementor-icon-list-item > a{font-family:var( --e-global-typography-text-font-family ), Sans-serif;font-size:var( --e-global-typography-text-font-size );font-weight:var( --e-global-typography-text-font-weight );}.elementor-8384 .elementor-element.elementor-element-bec3b74 .elementor-icon-list-text{color:#8A91AC;transition:color 0.3s;}:root{--page-title-display:none;}@media(max-width:1024px){.elementor-8384 .elementor-element.elementor-element-378030e .elementor-icon-list-item > .elementor-icon-list-text, .elementor-8384 .elementor-element.elementor-element-378030e .elementor-icon-list-item > a{font-size:var( --e-global-typography-text-font-size );}.elementor-8384 .elementor-element.elementor-element-378030e > .elementor-widget-container{margin:0px 0px 0px 0px;}.elementor-8384 .elementor-element.elementor-element-bec3b74 .elementor-icon-list-item > .elementor-icon-list-text, .elementor-8384 .elementor-element.elementor-element-bec3b74 .elementor-icon-list-item > a{font-size:var( --e-global-typography-text-font-size );}.elementor-8384 .elementor-element.elementor-element-bec3b74 > .elementor-widget-container{margin:0px 0px 0px 0px;}}@media(max-width:767px){.elementor-8384 .elementor-element.elementor-element-378030e .elementor-icon-list-item > .elementor-icon-list-text, .elementor-8384 .elementor-element.elementor-element-378030e .elementor-icon-list-item > a{font-size:var( --e-global-typography-text-font-size );}.elementor-8384 .elementor-element.elementor-element-bec3b74 .elementor-icon-list-item > .elementor-icon-list-text, .elementor-8384 .elementor-element.elementor-element-bec3b74 .elementor-icon-list-item > a{font-size:var( --e-global-typography-text-font-size );}}<\/style>\t\t<div data-elementor-type=\"wp-page\" data-elementor-id=\"8384\" class=\"elementor elementor-8384\" data-elementor-post-type=\"page\">\n\t\t\t\t\t\t<section class=\"elementor-section elementor-top-section elementor-element elementor-element-8ade591 elementor-section-boxed elementor-section-height-default elementor-section-height-default\" data-id=\"8ade591\" data-element_type=\"section\" data-e-type=\"section\">\n\t\t\t\t\t\t<div class=\"elementor-container elementor-column-gap-default\">\n\t\t\t\t\t<div class=\"elementor-column elementor-col-100 elementor-top-column elementor-element elementor-element-296c2ce\" data-id=\"296c2ce\" data-element_type=\"column\" data-e-type=\"column\">\n\t\t\t<div class=\"elementor-widget-wrap elementor-element-populated\">\n\t\t\t\t\t\t<div class=\"elementor-element elementor-element-bd78c43 elementor-widget elementor-widget-heading\" data-id=\"bd78c43\" data-element_type=\"widget\" data-e-type=\"widget\" data-widget_type=\"heading.default\">\n\t\t\t\t<div class=\"elementor-widget-container\">\n\t\t\t\t\t<h2 class=\"elementor-heading-title elementor-size-default\">Documents d&#039;\u00e9tudes g\u00e9n\u00e9raux<\/h2>\t\t\t\t<\/div>\n\t\t\t\t<\/div>\n\t\t\t\t<div class=\"elementor-element elementor-element-c4582aa elementor-widget elementor-widget-text-editor\" data-id=\"c4582aa\" data-element_type=\"widget\" data-e-type=\"widget\" data-widget_type=\"text-editor.default\">\n\t\t\t\t<div class=\"elementor-widget-container\">\n\t\t\t\t\t\t\t\t\t<p>Documentation sp\u00e9cifique \u00e0 l&#039;\u00e9tude pour l&#039;\u00e9tude Enroll-HD et autres sources de donn\u00e9es incluses dans les versions p\u00e9riodiques des ensembles de donn\u00e9es (PDS) (par exemple, REGISTRY)\u00a0:<\/p>\t\t\t\t\t\t\t\t<\/div>\n\t\t\t\t<\/div>\n\t\t\t\t<div class=\"elementor-element elementor-element-378030e elementor-icon-list--layout-traditional elementor-list-item-link-full_width elementor-widget elementor-widget-icon-list\" data-id=\"378030e\" data-element_type=\"widget\" data-e-type=\"widget\" data-widget_type=\"icon-list.default\">\n\t\t\t\t<div class=\"elementor-widget-container\">\n\t\t\t\t\t\t\t<ul class=\"elementor-icon-list-items\">\n\t\t\t\t\t\t\t<li class=\"elementor-icon-list-item\">\n\t\t\t\t\t\t\t\t\t\t\t<span class=\"elementor-icon-list-icon\">\n\t\t\t\t\t\t\t<i aria-hidden=\"true\" class=\"fas fa-arrow-circle-right\"><\/i>\t\t\t\t\t\t<\/span>\n\t\t\t\t\t\t\t\t\t\t<span class=\"elementor-icon-list-text\">Pour les familles MH<\/span>\n\t\t\t\t\t\t\t\t\t<\/li>\n\t\t\t\t\t\t\t\t<li class=\"elementor-icon-list-item\">\n\t\t\t\t\t\t\t\t\t\t\t<span class=\"elementor-icon-list-icon\">\n\t\t\t\t\t\t\t<i aria-hidden=\"true\" class=\"fas fa-arrow-circle-right\"><\/i>\t\t\t\t\t\t<\/span>\n\t\t\t\t\t\t\t\t\t\t<span class=\"elementor-icon-list-text\">Pour les chercheurs<\/span>\n\t\t\t\t\t\t\t\t\t<\/li>\n\t\t\t\t\t\t\t\t<li class=\"elementor-icon-list-item\">\n\t\t\t\t\t\t\t\t\t\t\t<span class=\"elementor-icon-list-icon\">\n\t\t\t\t\t\t\t<i aria-hidden=\"true\" class=\"fas fa-arrow-circle-right\"><\/i>\t\t\t\t\t\t<\/span>\n\t\t\t\t\t\t\t\t\t\t<span class=\"elementor-icon-list-text\">Pour les promoteurs d\u2019essais cliniques<\/span>\n\t\t\t\t\t\t\t\t\t<\/li>\n\t\t\t\t\t\t\t\t<li class=\"elementor-icon-list-item\">\n\t\t\t\t\t\t\t\t\t\t\t<span class=\"elementor-icon-list-icon\">\n\t\t\t\t\t\t\t<i aria-hidden=\"true\" class=\"fas fa-arrow-circle-right\"><\/i>\t\t\t\t\t\t<\/span>\n\t\t\t\t\t\t\t\t\t\t<span class=\"elementor-icon-list-text\">Pour les centres d'\u00e9tude<\/span>\n\t\t\t\t\t\t\t\t\t<\/li>\n\t\t\t\t\t\t\t\t<li class=\"elementor-icon-list-item\">\n\t\t\t\t\t\t\t\t\t\t\t<span class=\"elementor-icon-list-icon\">\n\t\t\t\t\t\t\t<i aria-hidden=\"true\" class=\"fas fa-arrow-circle-right\"><\/i>\t\t\t\t\t\t<\/span>\n\t\t\t\t\t\t\t\t\t\t<span class=\"elementor-icon-list-text\">Pour les comit\u00e9s<\/span>\n\t\t\t\t\t\t\t\t\t<\/li>\n\t\t\t\t\t\t<\/ul>\n\t\t\t\t\t\t<\/div>\n\t\t\t\t<\/div>\n\t\t\t\t<div class=\"elementor-element elementor-element-2415a70 elementor-widget elementor-widget-heading\" data-id=\"2415a70\" data-element_type=\"widget\" data-e-type=\"widget\" data-widget_type=\"heading.default\">\n\t\t\t\t<div class=\"elementor-widget-container\">\n\t\t\t\t\t<h2 class=\"elementor-heading-title elementor-size-default\">Documents sp\u00e9cifiques aux ensembles de donn\u00e9es<\/h2>\t\t\t\t<\/div>\n\t\t\t\t<\/div>\n\t\t\t\t<div class=\"elementor-element elementor-element-644bbd2 elementor-widget elementor-widget-text-editor\" data-id=\"644bbd2\" data-element_type=\"widget\" data-e-type=\"widget\" data-widget_type=\"text-editor.default\">\n\t\t\t\t<div class=\"elementor-widget-container\">\n\t\t\t\t\t\t\t\t\t<p>Documentation sp\u00e9cifique \u00e0 la version actuelle du jeu de donn\u00e9es p\u00e9riodiques Enroll-HD.<\/p>\t\t\t\t\t\t\t\t<\/div>\n\t\t\t\t<\/div>\n\t\t\t\t<div class=\"elementor-element elementor-element-bec3b74 elementor-icon-list--layout-traditional elementor-list-item-link-full_width elementor-widget elementor-widget-icon-list\" data-id=\"bec3b74\" data-element_type=\"widget\" data-e-type=\"widget\" data-widget_type=\"icon-list.default\">\n\t\t\t\t<div class=\"elementor-widget-container\">\n\t\t\t\t\t\t\t<ul class=\"elementor-icon-list-items\">\n\t\t\t\t\t\t\t<li class=\"elementor-icon-list-item\">\n\t\t\t\t\t\t\t\t\t\t\t<span class=\"elementor-icon-list-icon\">\n\t\t\t\t\t\t\t<i aria-hidden=\"true\" class=\"fas fa-arrow-circle-right\"><\/i>\t\t\t\t\t\t<\/span>\n\t\t\t\t\t\t\t\t\t\t<span class=\"elementor-icon-list-text\">Pour les familles MH<\/span>\n\t\t\t\t\t\t\t\t\t<\/li>\n\t\t\t\t\t\t\t\t<li class=\"elementor-icon-list-item\">\n\t\t\t\t\t\t\t\t\t\t\t<span class=\"elementor-icon-list-icon\">\n\t\t\t\t\t\t\t<i aria-hidden=\"true\" class=\"fas fa-arrow-circle-right\"><\/i>\t\t\t\t\t\t<\/span>\n\t\t\t\t\t\t\t\t\t\t<span class=\"elementor-icon-list-text\">Pour les chercheurs<\/span>\n\t\t\t\t\t\t\t\t\t<\/li>\n\t\t\t\t\t\t\t\t<li class=\"elementor-icon-list-item\">\n\t\t\t\t\t\t\t\t\t\t\t<span class=\"elementor-icon-list-icon\">\n\t\t\t\t\t\t\t<i aria-hidden=\"true\" class=\"fas fa-arrow-circle-right\"><\/i>\t\t\t\t\t\t<\/span>\n\t\t\t\t\t\t\t\t\t\t<span class=\"elementor-icon-list-text\">Pour les promoteurs d\u2019essais cliniques<\/span>\n\t\t\t\t\t\t\t\t\t<\/li>\n\t\t\t\t\t\t\t\t<li class=\"elementor-icon-list-item\">\n\t\t\t\t\t\t\t\t\t\t\t<span class=\"elementor-icon-list-icon\">\n\t\t\t\t\t\t\t<i aria-hidden=\"true\" class=\"fas fa-arrow-circle-right\"><\/i>\t\t\t\t\t\t<\/span>\n\t\t\t\t\t\t\t\t\t\t<span class=\"elementor-icon-list-text\">Pour les centres d'\u00e9tude<\/span>\n\t\t\t\t\t\t\t\t\t<\/li>\n\t\t\t\t\t\t\t\t<li class=\"elementor-icon-list-item\">\n\t\t\t\t\t\t\t\t\t\t\t<span class=\"elementor-icon-list-icon\">\n\t\t\t\t\t\t\t<i aria-hidden=\"true\" class=\"fas fa-arrow-circle-right\"><\/i>\t\t\t\t\t\t<\/span>\n\t\t\t\t\t\t\t\t\t\t<span class=\"elementor-icon-list-text\">Pour les comit\u00e9s<\/span>\n\t\t\t\t\t\t\t\t\t<\/li>\n\t\t\t\t\t\t<\/ul>\n\t\t\t\t\t\t<\/div>\n\t\t\t\t<\/div>\n\t\t\t\t\t<\/div>\n\t\t<\/div>\n\t\t\t\t\t<\/div>\n\t\t<\/section>\n\t\t\t\t<\/div>","protected":false},"excerpt":{"rendered":"<p>General study documents Study specific documentation for the Enroll-HD study and other data sources included in periodic dataset (PDS) releases (e.g., REGISTRY): For HD Families For Researchers For Clinical Trial Sponsors For Study Sites For Committees Dataset specific documents Documentation specific to the current Enroll-HD periodic dataset release. For HD Families For Researchers For Clinical [&hellip;]<\/p>\n","protected":false},"author":1,"featured_media":0,"parent":1407,"menu_order":0,"comment_status":"closed","ping_status":"closed","template":"","meta":{"footnotes":"","_links_to":"","_links_to_target":""},"class_list":["post-8384","page","type-page","status-publish","hentry"],"_links":{"self":[{"href":"https:\/\/www.enroll-hd.org\/fr\/wp-json\/wp\/v2\/pages\/8384","targetHints":{"allow":["GET"]}}],"collection":[{"href":"https:\/\/www.enroll-hd.org\/fr\/wp-json\/wp\/v2\/pages"}],"about":[{"href":"https:\/\/www.enroll-hd.org\/fr\/wp-json\/wp\/v2\/types\/page"}],"author":[{"embeddable":true,"href":"https:\/\/www.enroll-hd.org\/fr\/wp-json\/wp\/v2\/users\/1"}],"replies":[{"embeddable":true,"href":"https:\/\/www.enroll-hd.org\/fr\/wp-json\/wp\/v2\/comments?post=8384"}],"version-history":[{"count":7,"href":"https:\/\/www.enroll-hd.org\/fr\/wp-json\/wp\/v2\/pages\/8384\/revisions"}],"predecessor-version":[{"id":8391,"href":"https:\/\/www.enroll-hd.org\/fr\/wp-json\/wp\/v2\/pages\/8384\/revisions\/8391"}],"up":[{"embeddable":true,"href":"https:\/\/www.enroll-hd.org\/fr\/wp-json\/wp\/v2\/pages\/1407"}],"wp:attachment":[{"href":"https:\/\/www.enroll-hd.org\/fr\/wp-json\/wp\/v2\/media?parent=8384"}],"curies":[{"name":"wp","href":"https:\/\/api.w.org\/{rel}","templated":true}]}}