{"id":7233,"date":"2021-10-13T14:38:05","date_gmt":"2021-10-13T18:38:05","guid":{"rendered":"https:\/\/platform.enroll-hd.org\/?page_id=7233"},"modified":"2021-10-13T14:41:23","modified_gmt":"2021-10-13T18:41:23","slug":"enroll-hd-for-hd-families","status":"publish","type":"page","link":"https:\/\/www.enroll-hd.org\/fr\/for-hd-families\/enroll-hd-for-hd-families\/","title":{"rendered":"Enroll-HD pour les familles HD"},"content":{"rendered":"<style>.elementor-7233 .elementor-element.elementor-element-3601556 > .elementor-container{max-width:1150px;}.elementor-7233 .elementor-element.elementor-element-3601556:not(.elementor-motion-effects-element-type-background), .elementor-7233 .elementor-element.elementor-element-3601556 > .elementor-motion-effects-container > .elementor-motion-effects-layer{background-color:#F4F8FF;}.elementor-7233 .elementor-element.elementor-element-3601556 > .elementor-background-overlay{background-image:url(\"https:\/\/www.enroll-hd.org\/wp-content\/uploads\/2021\/05\/19366.jpg\");opacity:0.25;transition:background 0.3s, border-radius 0.3s, opacity 0.3s;}.elementor-7233 .elementor-element.elementor-element-3601556{transition:background 0.3s, border 0.3s, border-radius 0.3s, box-shadow 0.3s;padding:50px 0px 100px 0px;}.elementor-7233 .elementor-element.elementor-element-0625db1.elementor-column > .elementor-widget-wrap{justify-content:center;}.elementor-7233 .elementor-element.elementor-element-1832885{text-align:center;}.elementor-7233 .elementor-element.elementor-element-1832885 .elementor-heading-title{font-family:var( --e-global-typography-45ff652-font-family ), Sans-serif;font-size:var( --e-global-typography-45ff652-font-size );font-weight:var( --e-global-typography-45ff652-font-weight );text-transform:var( --e-global-typography-45ff652-text-transform );line-height:var( --e-global-typography-45ff652-line-height );letter-spacing:var( --e-global-typography-45ff652-letter-spacing );word-spacing:var( --e-global-typography-45ff652-word-spacing );color:var( --e-global-color-primary );}.elementor-7233 .elementor-element.elementor-element-0846262{text-align:center;}.elementor-7233 .elementor-element.elementor-element-0846262 .elementor-heading-title{font-family:var( --e-global-typography-secondary-font-family ), Sans-serif;font-size:var( --e-global-typography-secondary-font-size );font-weight:var( --e-global-typography-secondary-font-weight );color:#031B4E;}.elementor-7233 .elementor-element.elementor-element-e41597e{text-align:center;font-family:var( --e-global-typography-text-font-family ), Sans-serif;font-size:var( --e-global-typography-text-font-size );font-weight:var( --e-global-typography-text-font-weight );color:#8A91AC;}.elementor-7233 .elementor-element.elementor-element-e41597e > .elementor-widget-container{margin:0px 0px 0px 0px;padding:0% 22% 0% 22%;}.elementor-7233 .elementor-element.elementor-element-08524bc > .elementor-container{max-width:1150px;}.elementor-7233 .elementor-element.elementor-element-08524bc > .elementor-container > .elementor-column > .elementor-widget-wrap{align-content:flex-end;align-items:flex-end;}.elementor-7233 .elementor-element.elementor-element-08524bc a{color:var( --e-global-color-primary );}.elementor-7233 .elementor-element.elementor-element-08524bc{margin-top:20px;margin-bottom:0px;}.elementor-7233 .elementor-element.elementor-element-a81f5e8:not(.elementor-motion-effects-element-type-background) > .elementor-widget-wrap, .elementor-7233 .elementor-element.elementor-element-a81f5e8 > .elementor-widget-wrap > .elementor-motion-effects-container > .elementor-motion-effects-layer{background-color:#FFFFFF;}.elementor-7233 .elementor-element.elementor-element-a81f5e8 > .elementor-element-populated{box-shadow:0px 0px 15px 0px rgba(0, 0, 0, 0.1);transition:background 0.3s, border 0.3s, border-radius 0.3s, box-shadow 0.3s;margin:0px 20px 0px 0px;--e-column-margin-right:20px;--e-column-margin-left:0px;padding:40px 40px 20px 40px;}.elementor-7233 .elementor-element.elementor-element-a81f5e8 > .elementor-element-populated > .elementor-background-overlay{transition:background 0.3s, border-radius 0.3s, opacity 0.3s;}.elementor-7233 .elementor-element.elementor-element-c261ac9 .elementor-heading-title{font-family:var( --e-global-typography-eaf232b-font-family ), Sans-serif;font-size:var( --e-global-typography-eaf232b-font-size );font-weight:var( --e-global-typography-eaf232b-font-weight );line-height:var( --e-global-typography-eaf232b-line-height );letter-spacing:var( --e-global-typography-eaf232b-letter-spacing );word-spacing:var( --e-global-typography-eaf232b-word-spacing );}.elementor-7233 .elementor-element.elementor-element-3080afa .elementor-heading-title{font-family:var( --e-global-typography-cea17ee-font-family ), Sans-serif;font-size:var( --e-global-typography-cea17ee-font-size );font-weight:var( --e-global-typography-cea17ee-font-weight );line-height:var( --e-global-typography-cea17ee-line-height );letter-spacing:var( --e-global-typography-cea17ee-letter-spacing );word-spacing:var( --e-global-typography-cea17ee-word-spacing );}.elementor-7233 .elementor-element.elementor-element-dda266c .elementor-heading-title{font-family:var( --e-global-typography-cea17ee-font-family ), Sans-serif;font-size:var( --e-global-typography-cea17ee-font-size );font-weight:var( --e-global-typography-cea17ee-font-weight );line-height:var( --e-global-typography-cea17ee-line-height );letter-spacing:var( --e-global-typography-cea17ee-letter-spacing );word-spacing:var( --e-global-typography-cea17ee-word-spacing );}.elementor-7233 .elementor-element.elementor-element-32015da .elementor-heading-title{font-family:var( --e-global-typography-cea17ee-font-family ), Sans-serif;font-size:var( --e-global-typography-cea17ee-font-size );font-weight:var( --e-global-typography-cea17ee-font-weight );line-height:var( --e-global-typography-cea17ee-line-height );letter-spacing:var( --e-global-typography-cea17ee-letter-spacing );word-spacing:var( --e-global-typography-cea17ee-word-spacing );}.elementor-7233 .elementor-element.elementor-element-421ec84 .elementor-heading-title{font-family:var( --e-global-typography-cea17ee-font-family ), Sans-serif;font-size:var( --e-global-typography-cea17ee-font-size );font-weight:var( --e-global-typography-cea17ee-font-weight );line-height:var( --e-global-typography-cea17ee-line-height );letter-spacing:var( --e-global-typography-cea17ee-letter-spacing );word-spacing:var( --e-global-typography-cea17ee-word-spacing );}.elementor-7233 .elementor-element.elementor-element-737360c .elementor-heading-title{font-family:var( --e-global-typography-cea17ee-font-family ), Sans-serif;font-size:var( --e-global-typography-cea17ee-font-size );font-weight:var( --e-global-typography-cea17ee-font-weight );line-height:var( --e-global-typography-cea17ee-line-height );letter-spacing:var( --e-global-typography-cea17ee-letter-spacing );word-spacing:var( --e-global-typography-cea17ee-word-spacing );}:root{--page-title-display:none;}@media(max-width:1024px) and (min-width:768px){.elementor-7233 .elementor-element.elementor-element-a81f5e8{width:50%;}}@media(max-width:1024px){.elementor-7233 .elementor-element.elementor-element-3601556{padding:80px 0px 80px 0px;}.elementor-7233 .elementor-element.elementor-element-0625db1 > .elementor-element-populated{margin:0px 10px 0px 10px;--e-column-margin-right:10px;--e-column-margin-left:10px;}.elementor-7233 .elementor-element.elementor-element-1832885 .elementor-heading-title{font-size:var( --e-global-typography-45ff652-font-size );line-height:var( --e-global-typography-45ff652-line-height );letter-spacing:var( --e-global-typography-45ff652-letter-spacing );word-spacing:var( --e-global-typography-45ff652-word-spacing );}.elementor-7233 .elementor-element.elementor-element-0846262 .elementor-heading-title{font-size:var( --e-global-typography-secondary-font-size );}.elementor-7233 .elementor-element.elementor-element-e41597e{font-size:var( --e-global-typography-text-font-size );}.elementor-7233 .elementor-element.elementor-element-e41597e > .elementor-widget-container{padding:0% 10% 0% 10%;}.elementor-7233 .elementor-element.elementor-element-a81f5e8 > .elementor-element-populated{margin:0px 15px 0px 0px;--e-column-margin-right:15px;--e-column-margin-left:0px;}.elementor-7233 .elementor-element.elementor-element-c261ac9 .elementor-heading-title{font-size:var( --e-global-typography-eaf232b-font-size );line-height:var( --e-global-typography-eaf232b-line-height );letter-spacing:var( --e-global-typography-eaf232b-letter-spacing );word-spacing:var( --e-global-typography-eaf232b-word-spacing );}.elementor-7233 .elementor-element.elementor-element-3080afa .elementor-heading-title{font-size:var( --e-global-typography-cea17ee-font-size );line-height:var( --e-global-typography-cea17ee-line-height );letter-spacing:var( --e-global-typography-cea17ee-letter-spacing );word-spacing:var( --e-global-typography-cea17ee-word-spacing );}.elementor-7233 .elementor-element.elementor-element-dda266c .elementor-heading-title{font-size:var( --e-global-typography-cea17ee-font-size );line-height:var( --e-global-typography-cea17ee-line-height );letter-spacing:var( --e-global-typography-cea17ee-letter-spacing );word-spacing:var( --e-global-typography-cea17ee-word-spacing );}.elementor-7233 .elementor-element.elementor-element-32015da .elementor-heading-title{font-size:var( --e-global-typography-cea17ee-font-size );line-height:var( --e-global-typography-cea17ee-line-height );letter-spacing:var( --e-global-typography-cea17ee-letter-spacing );word-spacing:var( --e-global-typography-cea17ee-word-spacing );}.elementor-7233 .elementor-element.elementor-element-421ec84 .elementor-heading-title{font-size:var( --e-global-typography-cea17ee-font-size );line-height:var( --e-global-typography-cea17ee-line-height );letter-spacing:var( --e-global-typography-cea17ee-letter-spacing );word-spacing:var( --e-global-typography-cea17ee-word-spacing );}.elementor-7233 .elementor-element.elementor-element-737360c .elementor-heading-title{font-size:var( --e-global-typography-cea17ee-font-size );line-height:var( --e-global-typography-cea17ee-line-height );letter-spacing:var( --e-global-typography-cea17ee-letter-spacing );word-spacing:var( --e-global-typography-cea17ee-word-spacing );}}@media(max-width:767px){.elementor-7233 .elementor-element.elementor-element-3601556{padding:50px 0px 50px 0px;}.elementor-7233 .elementor-element.elementor-element-0625db1 > .elementor-element-populated{margin:0px 5px 0px 5px;--e-column-margin-right:5px;--e-column-margin-left:5px;}.elementor-7233 .elementor-element.elementor-element-1832885 .elementor-heading-title{font-size:var( --e-global-typography-45ff652-font-size );line-height:var( --e-global-typography-45ff652-line-height );letter-spacing:var( --e-global-typography-45ff652-letter-spacing );word-spacing:var( --e-global-typography-45ff652-word-spacing );}.elementor-7233 .elementor-element.elementor-element-0846262 .elementor-heading-title{font-size:var( --e-global-typography-secondary-font-size );}.elementor-7233 .elementor-element.elementor-element-e41597e{font-size:var( --e-global-typography-text-font-size );}.elementor-7233 .elementor-element.elementor-element-e41597e > .elementor-widget-container{padding:0px 0px 0px 0px;}.elementor-7233 .elementor-element.elementor-element-a81f5e8 > .elementor-element-populated{margin:0px 0px 0px 0px;--e-column-margin-right:0px;--e-column-margin-left:0px;}.elementor-7233 .elementor-element.elementor-element-c261ac9 .elementor-heading-title{font-size:var( --e-global-typography-eaf232b-font-size );line-height:var( --e-global-typography-eaf232b-line-height );letter-spacing:var( --e-global-typography-eaf232b-letter-spacing );word-spacing:var( --e-global-typography-eaf232b-word-spacing );}.elementor-7233 .elementor-element.elementor-element-3080afa .elementor-heading-title{font-size:var( --e-global-typography-cea17ee-font-size );line-height:var( --e-global-typography-cea17ee-line-height );letter-spacing:var( --e-global-typography-cea17ee-letter-spacing );word-spacing:var( --e-global-typography-cea17ee-word-spacing );}.elementor-7233 .elementor-element.elementor-element-dda266c .elementor-heading-title{font-size:var( --e-global-typography-cea17ee-font-size );line-height:var( --e-global-typography-cea17ee-line-height );letter-spacing:var( --e-global-typography-cea17ee-letter-spacing );word-spacing:var( --e-global-typography-cea17ee-word-spacing );}.elementor-7233 .elementor-element.elementor-element-32015da .elementor-heading-title{font-size:var( --e-global-typography-cea17ee-font-size );line-height:var( --e-global-typography-cea17ee-line-height );letter-spacing:var( --e-global-typography-cea17ee-letter-spacing );word-spacing:var( --e-global-typography-cea17ee-word-spacing );}.elementor-7233 .elementor-element.elementor-element-421ec84 .elementor-heading-title{font-size:var( --e-global-typography-cea17ee-font-size );line-height:var( --e-global-typography-cea17ee-line-height );letter-spacing:var( --e-global-typography-cea17ee-letter-spacing );word-spacing:var( --e-global-typography-cea17ee-word-spacing );}.elementor-7233 .elementor-element.elementor-element-737360c .elementor-heading-title{font-size:var( --e-global-typography-cea17ee-font-size );line-height:var( --e-global-typography-cea17ee-line-height );letter-spacing:var( --e-global-typography-cea17ee-letter-spacing );word-spacing:var( --e-global-typography-cea17ee-word-spacing );}}<\/style>\t\t<div data-elementor-type=\"wp-page\" data-elementor-id=\"7233\" class=\"elementor elementor-7233\" data-elementor-post-type=\"page\">\n\t\t\t\t\t\t<section class=\"elementor-section elementor-top-section elementor-element elementor-element-3601556 elementor-section-boxed elementor-section-height-default elementor-section-height-default\" data-id=\"3601556\" data-element_type=\"section\" data-e-type=\"section\" data-settings=\"{&quot;background_background&quot;:&quot;classic&quot;}\">\n\t\t\t\t\t\t\t<div class=\"elementor-background-overlay\"><\/div>\n\t\t\t\t\t\t\t<div class=\"elementor-container elementor-column-gap-default\">\n\t\t\t\t\t<div class=\"elementor-column elementor-col-100 elementor-top-column elementor-element elementor-element-0625db1\" data-id=\"0625db1\" data-element_type=\"column\" data-e-type=\"column\">\n\t\t\t<div class=\"elementor-widget-wrap elementor-element-populated\">\n\t\t\t\t\t\t<div class=\"elementor-element elementor-element-1832885 elementor-widget elementor-widget-heading\" data-id=\"1832885\" data-element_type=\"widget\" data-e-type=\"widget\" data-widget_type=\"heading.default\">\n\t\t\t\t<div class=\"elementor-widget-container\">\n\t\t\t\t\t<h2 class=\"elementor-heading-title elementor-size-default\">\u00catre impliqu\u00e9<\/h2>\t\t\t\t<\/div>\n\t\t\t\t<\/div>\n\t\t\t\t<div class=\"elementor-element elementor-element-0846262 elementor-widget elementor-widget-heading\" data-id=\"0846262\" data-element_type=\"widget\" data-e-type=\"widget\" data-widget_type=\"heading.default\">\n\t\t\t\t<div class=\"elementor-widget-container\">\n\t\t\t\t\t<h2 class=\"elementor-heading-title elementor-size-default\">Enroll-HD<\/h2>\t\t\t\t<\/div>\n\t\t\t\t<\/div>\n\t\t\t\t<div class=\"elementor-element elementor-element-e41597e elementor-widget elementor-widget-text-editor\" data-id=\"e41597e\" data-element_type=\"widget\" data-e-type=\"widget\" data-widget_type=\"text-editor.default\">\n\t\t\t\t<div class=\"elementor-widget-container\">\n\t\t\t\t\t\t\t\t\t<p>Si vous souhaitez participer \u00e0 l'une de ces \u00e9tudes, veuillez visiter les <a href=\"\/fr\/find-an-enroll-hd-site\/\">Centres d'\u00e9tude<\/a> pour trouver un lieu pr\u00e8s de chez vous et contacter le coordinateur de l'\u00e9tude indiqu\u00e9.<\/p>\t\t\t\t\t\t\t\t<\/div>\n\t\t\t\t<\/div>\n\t\t\t\t<section data-pa-eq-height=\"{&quot;targetType&quot;:&quot;widget&quot;,&quot;target&quot;:[&quot;.elementor-widget-flip-box .elementor-widget-container&quot;,&quot;.elementor-widget-heading .elementor-widget-container&quot;,&quot;.elementor-widget-text-editor .elementor-widget-container&quot;],&quot;trigger&quot;:&quot;load&quot;,&quot;enableOn&quot;:[&quot;desktop&quot;,&quot;tablet&quot;,&quot;mobile&quot;]}\" class=\"elementor-section elementor-inner-section elementor-element elementor-element-08524bc elementor-section-content-bottom elementor-hidden-tablet premium-equal-height-yes elementor-section-boxed elementor-section-height-default elementor-section-height-default\" data-id=\"08524bc\" data-element_type=\"section\" data-e-type=\"section\" data-settings=\"{&quot;premium_eq_height_switcher&quot;:&quot;yes&quot;,&quot;premium_eq_height_target&quot;:[&quot;.elementor-widget-flip-box .elementor-widget-container&quot;,&quot;.elementor-widget-heading .elementor-widget-container&quot;,&quot;.elementor-widget-text-editor .elementor-widget-container&quot;]}\">\n\t\t\t\t\t\t<div class=\"elementor-container elementor-column-gap-no\">\n\t\t\t\t\t<div class=\"elementor-column elementor-col-100 elementor-inner-column elementor-element elementor-element-a81f5e8\" data-id=\"a81f5e8\" data-element_type=\"column\" data-e-type=\"column\" data-settings=\"{&quot;background_background&quot;:&quot;classic&quot;}\">\n\t\t\t<div class=\"elementor-widget-wrap elementor-element-populated\">\n\t\t\t\t\t\t<div class=\"elementor-element elementor-element-c261ac9 elementor-widget elementor-widget-heading\" data-id=\"c261ac9\" data-element_type=\"widget\" data-e-type=\"widget\" data-widget_type=\"heading.default\">\n\t\t\t\t<div class=\"elementor-widget-container\">\n\t\t\t\t\t<h2 class=\"elementor-heading-title elementor-size-default\">Enroll-HD<\/h2>\t\t\t\t<\/div>\n\t\t\t\t<\/div>\n\t\t\t\t<div class=\"elementor-element elementor-element-3080afa elementor-widget elementor-widget-heading\" data-id=\"3080afa\" data-element_type=\"widget\" data-e-type=\"widget\" data-widget_type=\"heading.default\">\n\t\t\t\t<div class=\"elementor-widget-container\">\n\t\t\t\t\t<h2 class=\"elementor-heading-title elementor-size-default\">Aper\u00e7u<\/h2>\t\t\t\t<\/div>\n\t\t\t\t<\/div>\n\t\t\t\t<div class=\"elementor-element elementor-element-89df78f elementor-widget elementor-widget-text-editor\" data-id=\"89df78f\" data-element_type=\"widget\" data-e-type=\"widget\" data-widget_type=\"text-editor.default\">\n\t\t\t\t<div class=\"elementor-widget-container\">\n\t\t\t\t\t\t\t\t\t<p>Enroll-HD est la plus grande \u00e9tude observationnelle au monde portant sur les familles de la maladie de Huntington. Il surveille l\u2019apparition et l\u2019\u00e9volution de la maladie au fil du temps chez diff\u00e9rentes personnes dans un contexte r\u00e9el. Enroll-HD vise \u00e0 am\u00e9liorer la compr\u00e9hension de la MH, \u00e0 soutenir les essais cliniques et \u00e0 am\u00e9liorer les soins cliniques pour les patients MH.<\/p>\t\t\t\t\t\t\t\t<\/div>\n\t\t\t\t<\/div>\n\t\t\t\t<div class=\"elementor-element elementor-element-dda266c elementor-widget elementor-widget-heading\" data-id=\"dda266c\" data-element_type=\"widget\" data-e-type=\"widget\" data-widget_type=\"heading.default\">\n\t\t\t\t<div class=\"elementor-widget-container\">\n\t\t\t\t\t<h2 class=\"elementor-heading-title elementor-size-default\">Qui peut adh\u00e9rer ?<\/h2>\t\t\t\t<\/div>\n\t\t\t\t<\/div>\n\t\t\t\t<div class=\"elementor-element elementor-element-3dc0dad elementor-widget elementor-widget-text-editor\" data-id=\"3dc0dad\" data-element_type=\"widget\" data-e-type=\"widget\" data-widget_type=\"text-editor.default\">\n\t\t\t\t<div class=\"elementor-widget-container\">\n\t\t\t\t\t\t\t\t\t<p>Toute personne issue d\u2019une famille MH, y compris les conjoints\/partenaires de personnes atteintes de MH.<\/p>\t\t\t\t\t\t\t\t<\/div>\n\t\t\t\t<\/div>\n\t\t\t\t<div class=\"elementor-element elementor-element-32015da elementor-widget elementor-widget-heading\" data-id=\"32015da\" data-element_type=\"widget\" data-e-type=\"widget\" data-widget_type=\"heading.default\">\n\t\t\t\t<div class=\"elementor-widget-container\">\n\t\t\t\t\t<h2 class=\"elementor-heading-title elementor-size-default\">Emplacements<\/h2>\t\t\t\t<\/div>\n\t\t\t\t<\/div>\n\t\t\t\t<div class=\"elementor-element elementor-element-5540f2b elementor-widget elementor-widget-text-editor\" data-id=\"5540f2b\" data-element_type=\"widget\" data-e-type=\"widget\" data-widget_type=\"text-editor.default\">\n\t\t\t\t<div class=\"elementor-widget-container\">\n\t\t\t\t\t\t\t\t\t<p>Tous les emplacements des sites d&#039;\u00e9tude Enroll-HD sont affich\u00e9s sur le <a href=\"\/fr\/find-an-enroll-hd-site\/\">plan du site d&#039;\u00e9tude<\/a>.<\/p>\t\t\t\t\t\t\t\t<\/div>\n\t\t\t\t<\/div>\n\t\t\t\t<div class=\"elementor-element elementor-element-421ec84 elementor-widget elementor-widget-heading\" data-id=\"421ec84\" data-element_type=\"widget\" data-e-type=\"widget\" data-widget_type=\"heading.default\">\n\t\t\t\t<div class=\"elementor-widget-container\">\n\t\t\t\t\t<h2 class=\"elementor-heading-title elementor-size-default\">Engagement de temps<\/h2>\t\t\t\t<\/div>\n\t\t\t\t<\/div>\n\t\t\t\t<div class=\"elementor-element elementor-element-57821e8 elementor-widget elementor-widget-text-editor\" data-id=\"57821e8\" data-element_type=\"widget\" data-e-type=\"widget\" data-widget_type=\"text-editor.default\">\n\t\t\t\t<div class=\"elementor-widget-container\">\n\t\t\t\t\t\t\t\t\t<p>Une visite \u00e0 la clinique chaque ann\u00e9e. Chaque visite durera 1 \u00e0 2,5 heures. Enroll-HD est une \u00e9tude \u00e0 dur\u00e9e ind\u00e9termin\u00e9e \u2013 il n\u2019y a pas de date de fin.<\/p>\t\t\t\t\t\t\t\t<\/div>\n\t\t\t\t<\/div>\n\t\t\t\t<div class=\"elementor-element elementor-element-737360c elementor-widget elementor-widget-heading\" data-id=\"737360c\" data-element_type=\"widget\" data-e-type=\"widget\" data-widget_type=\"heading.default\">\n\t\t\t\t<div class=\"elementor-widget-container\">\n\t\t\t\t\t<h2 class=\"elementor-heading-title elementor-size-default\"><a href=\"\/fr\/for-participants\/taking-part-in-enroll-hd\/\">Apprendre encore plus<\/a><\/h2>\t\t\t\t<\/div>\n\t\t\t\t<\/div>\n\t\t\t\t\t<\/div>\n\t\t<\/div>\n\t\t\t\t\t<\/div>\n\t\t<\/section>\n\t\t\t\t\t<\/div>\n\t\t<\/div>\n\t\t\t\t\t<\/div>\n\t\t<\/section>\n\t\t\t\t<\/div>","protected":false},"excerpt":{"rendered":"<p>Impliquez-vous Enroll-HD Si vous souhaitez vous impliquer dans l&#039;une de ces \u00e9tudes, veuillez visiter la page Sites d&#039;\u00e9tude pour trouver un endroit pr\u00e8s de chez vous et contacter le coordinateur de l&#039;\u00e9tude indiqu\u00e9. Pr\u00e9sentation de l&#039;\u00e9tude Enroll-HD Enroll-HD est la plus grande \u00e9tude observationnelle au monde portant sur les familles de la maladie de Huntington. Il surveille l\u2019apparition et l\u2019\u00e9volution de la maladie [\u2026]<\/p>","protected":false},"author":1,"featured_media":0,"parent":697,"menu_order":0,"comment_status":"closed","ping_status":"closed","template":"","meta":{"footnotes":"","_links_to":"","_links_to_target":""},"class_list":["post-7233","page","type-page","status-publish","hentry"],"_links":{"self":[{"href":"https:\/\/www.enroll-hd.org\/fr\/wp-json\/wp\/v2\/pages\/7233","targetHints":{"allow":["GET"]}}],"collection":[{"href":"https:\/\/www.enroll-hd.org\/fr\/wp-json\/wp\/v2\/pages"}],"about":[{"href":"https:\/\/www.enroll-hd.org\/fr\/wp-json\/wp\/v2\/types\/page"}],"author":[{"embeddable":true,"href":"https:\/\/www.enroll-hd.org\/fr\/wp-json\/wp\/v2\/users\/1"}],"replies":[{"embeddable":true,"href":"https:\/\/www.enroll-hd.org\/fr\/wp-json\/wp\/v2\/comments?post=7233"}],"version-history":[{"count":10,"href":"https:\/\/www.enroll-hd.org\/fr\/wp-json\/wp\/v2\/pages\/7233\/revisions"}],"predecessor-version":[{"id":7243,"href":"https:\/\/www.enroll-hd.org\/fr\/wp-json\/wp\/v2\/pages\/7233\/revisions\/7243"}],"up":[{"embeddable":true,"href":"https:\/\/www.enroll-hd.org\/fr\/wp-json\/wp\/v2\/pages\/697"}],"wp:attachment":[{"href":"https:\/\/www.enroll-hd.org\/fr\/wp-json\/wp\/v2\/media?parent=7233"}],"curies":[{"name":"wp","href":"https:\/\/api.w.org\/{rel}","templated":true}]}}