{"id":16849,"date":"2024-08-06T09:34:35","date_gmt":"2024-08-06T13:34:35","guid":{"rendered":"https:\/\/3.84.221.207\/?page_id=16849"},"modified":"2024-09-04T12:43:24","modified_gmt":"2024-09-04T16:43:24","slug":"gsid","status":"publish","type":"page","link":"https:\/\/www.enroll-hd.org\/fr\/gsid\/","title":{"rendered":"GSID"},"content":{"rendered":"<style>.elementor-16849 .elementor-element.elementor-element-c3c3af6 a{color:var( --e-global-color-primary );}.elementor-16849 .elementor-element.elementor-element-b05d391{padding:0px 0px 50px 0px;}.elementor-16849 .elementor-element.elementor-element-bfea09d .jeg-elementor-kit.jkit-button{text-align:center;}.elementor-16849 .elementor-element.elementor-element-bfea09d .jeg-elementor-kit.jkit-button .jkit-button-wrapper{background-color:var( --e-global-color-primary );}.elementor-16849 .elementor-element.elementor-element-bfea09d .jeg-elementor-kit.jkit-button.icon-position-before .jkit-button-wrapper i, .elementor-16849 .elementor-element.elementor-element-bfea09d .jeg-elementor-kit.jkit-button.icon-position-before .jkit-button-wrapper svg{margin-right:5px;}.elementor-16849 .elementor-element.elementor-element-bfea09d .jeg-elementor-kit.jkit-button.icon-position-after .jkit-button-wrapper i, .elementor-16849 .elementor-element.elementor-element-bfea09d .jeg-elementor-kit.jkit-button.icon-position-after .jkit-button-wrapper svg{margin-left:5px;}:root{--page-title-display:none;}<\/style>\t\t<div data-elementor-type=\"wp-page\" data-elementor-id=\"16849\" class=\"elementor elementor-16849\" data-elementor-post-type=\"page\">\n\t\t\t\t\t\t<section class=\"elementor-section elementor-top-section elementor-element elementor-element-c3c3af6 elementor-section-boxed elementor-section-height-default elementor-section-height-default\" data-id=\"c3c3af6\" data-element_type=\"section\" data-e-type=\"section\">\n\t\t\t\t\t\t<div class=\"elementor-container elementor-column-gap-default\">\n\t\t\t\t\t<div class=\"elementor-column elementor-col-100 elementor-top-column elementor-element elementor-element-3feaf65\" data-id=\"3feaf65\" data-element_type=\"column\" data-e-type=\"column\">\n\t\t\t<div class=\"elementor-widget-wrap elementor-element-populated\">\n\t\t\t\t\t\t<div class=\"elementor-element elementor-element-6c93611 elementor-widget elementor-widget-heading\" data-id=\"6c93611\" data-element_type=\"widget\" data-e-type=\"widget\" data-widget_type=\"heading.default\">\n\t\t\t\t<div class=\"elementor-widget-container\">\n\t\t\t\t\t<h2 class=\"elementor-heading-title elementor-size-default\">Base de donn\u00e9es mondiale des enqu\u00eateurs sur la maladie de Huntington (GSID)<\/h2>\t\t\t\t<\/div>\n\t\t\t\t<\/div>\n\t\t\t\t<div class=\"elementor-element elementor-element-de75b56 elementor-widget elementor-widget-text-editor\" data-id=\"de75b56\" data-element_type=\"widget\" data-e-type=\"widget\" data-widget_type=\"text-editor.default\">\n\t\t\t\t<div class=\"elementor-widget-container\">\n\t\t\t\t\t\t\t\t\t<p>La base de donn\u00e9es mondiale des chercheurs sur les sites de la maladie de Huntington (GSID) est un outil g\u00e9r\u00e9 par la Fondation CHDI, Inc. (CHDI). Elle est con\u00e7ue pour aider les promoteurs cliniques des \u00e9tudes sur la MH \u00e0 identifier les sites disposant des ressources appropri\u00e9es pour participer \u00e0 des \u00e9tudes et essais sp\u00e9cifiques, \u00e0 soutenir les analyses de faisabilit\u00e9 in silico, \u00e0 aider aux activit\u00e9s de d\u00e9marrage des sites et \u00e0 permettre l&#039;\u00e9valuation de l&#039;\u00e9ligibilit\u00e9 des sites \u00e0 participer au programme de certification des sites d&#039;essais cliniques Enroll-HD sur la MH.<\/p><p>Le GSID est renseign\u00e9 par sites d&#039;\u00e9tude et couvre plusieurs domaines de ressources de base, notamment : G\u00e9n\u00e9ralit\u00e9s (contenant des informations sur l&#039;institution et la clinique HD), Contacts, Exp\u00e9rience d&#039;essai et d&#039;\u00e9tude, Population HD, Installations et proc\u00e9dures, Neuroimagerie, et Approbations et contrats.<\/p><p>Le GSID contient \u00e9galement des questionnaires de faisabilit\u00e9 sp\u00e9cifiques \u00e0 chaque \u00e9tude qui peuvent utiliser et d\u00e9velopper les informations contenues dans les sections principales.<\/p><p><strong>Pourquoi les sites devraient-ils compl\u00e9ter le GSID ?<\/strong><\/p><p>L&#039;objectif du GSID est de cr\u00e9er une base de donn\u00e9es compl\u00e8te des capacit\u00e9s du site ; la r\u00e9alisation du GSID peut offrir \u00e0 votre site des opportunit\u00e9s accrues de participer \u00e0 de futurs efforts de recherche. <br \/>Les sites sont invit\u00e9s \u00e0 r\u00e9pondre \u00e0 des questions dans chacune des sections principales. Cela peut prendre un certain temps, mais une fois termin\u00e9, des mises \u00e0 jour ne seront n\u00e9cessaires que si quelque chose change sur votre site (un rappel annuel pour revoir les d\u00e9tails sera envoy\u00e9 par les responsables du GSID), ou si des informations suppl\u00e9mentaires sp\u00e9cifiques vous sont demand\u00e9es. Par exemple, les sites peuvent \u00eatre invit\u00e9s \u00e0 remplir des sections suppl\u00e9mentaires du GSID pour la faisabilit\u00e9 sp\u00e9cifique \u00e0 l&#039;\u00e9tude (par exemple, Enroll-HD 2.0 ; \u00e9tudes de plateforme), en fonction des exigences de l&#039;\u00e9tude.<\/p><p><em>Veuillez noter\u00a0: la r\u00e9alisation du GSID est une exigence pour tous les sites Enroll-HD, y compris les sites qui souhaitent devenir un site Enroll-HD.<\/em><\/p><p><strong>Qui a acc\u00e8s au GSID ?<\/strong><\/p><p>Les informations du GSID seront directement accessibles aux \u00e9quipes d&#039;\u00e9tude Enroll-HD et CHDI. Chaque site a \u00e9galement acc\u00e8s \u00e0 ses propres donn\u00e9es. Les promoteurs et les chercheurs des \u00e9tudes et essais industriels et universitaires doivent demander l&#039;acc\u00e8s au GSID ; cet acc\u00e8s est soumis \u00e0 l&#039;approbation du comit\u00e9 de gouvernance Enroll-HD et doit avoir pour but d&#039;identifier les sites qui disposent des installations, de l&#039;exp\u00e9rience et des ressources appropri\u00e9es pour une \u00e9tude ou un essai sp\u00e9cifique.<\/p><p><strong>Informations compl\u00e9mentaires<\/strong><\/p><p><em>Sites Enroll-HD :<\/em><\/p><p>Nous avons r\u00e9cemment transf\u00e9r\u00e9 le GSID vers une nouvelle plateforme (Core GSID). Si votre site dispose d\u00e9j\u00e0 d&#039;un profil GSID, les informations pertinentes seront migr\u00e9es vers le nouveau Core GSID. Veuillez contacter votre responsable de site Enroll-HD ou LANCO si vous avez des questions. Si votre site ne dispose pas d&#039;enregistrement GSID, veuillez nous envoyer un message via le <a href=\"\/fr\/contact-us\/\">Formulaire de contact<\/a>.<\/p><p>Si vous rencontrez des difficult\u00e9s pour acc\u00e9der \u00e0 votre profil GSID ou si vous avez des questions, veuillez contacter <a href=\"mailto:gsid@enroll-hd.org\">gsid@enroll-hd.org<\/a>.<\/p><p><em>Promoteurs de l&#039;\u00e9tude clinique :<\/em><\/p><p>Pour discuter de l&#039;acc\u00e8s aux informations contenues dans le GSID, veuillez nous envoyer un message via le <a href=\"\/fr\/contact-us\/\">Formulaire de contact<\/a>.<\/p>\t\t\t\t\t\t\t\t<\/div>\n\t\t\t\t<\/div>\n\t\t\t\t\t<\/div>\n\t\t<\/div>\n\t\t\t\t\t<\/div>\n\t\t<\/section>\n\t\t\t\t<section class=\"elementor-section elementor-top-section elementor-element elementor-element-b05d391 elementor-section-boxed elementor-section-height-default elementor-section-height-default\" data-id=\"b05d391\" data-element_type=\"section\" data-e-type=\"section\">\n\t\t\t\t\t\t<div class=\"elementor-container elementor-column-gap-default\">\n\t\t\t\t\t<div class=\"elementor-column elementor-col-100 elementor-top-column elementor-element elementor-element-7cd5bfb\" data-id=\"7cd5bfb\" data-element_type=\"column\" data-e-type=\"column\">\n\t\t\t<div class=\"elementor-widget-wrap elementor-element-populated\">\n\t\t\t\t\t\t<div class=\"elementor-element elementor-element-bfea09d elementor-widget elementor-widget-jkit_button\" data-id=\"bfea09d\" data-element_type=\"widget\" data-e-type=\"widget\" data-widget_type=\"jkit_button.default\">\n\t\t\t\t<div class=\"elementor-widget-container\">\n\t\t\t\t\t<div  class=\"jeg-elementor-kit jkit-button  icon-position-before jeg_module___69d044d670f40\" ><a href=\"https:\/\/i.knack.com\/clinic-locations#gsid-login\/auth\/Auth\" class=\"jkit-button-wrapper\" target=\"_blank\">Ouvrir GSID dans une nouvelle fen\u00eatre<\/a><\/div>\t\t\t\t<\/div>\n\t\t\t\t<\/div>\n\t\t\t\t\t<\/div>\n\t\t<\/div>\n\t\t\t\t\t<\/div>\n\t\t<\/section>\n\t\t\t\t<\/div>","protected":false},"excerpt":{"rendered":"<p>Base de donn\u00e9es mondiale des chercheurs sur les sites de la maladie de Huntington (GSID) La base de donn\u00e9es mondiale des chercheurs sur les sites de la maladie de Huntington (GSID) est un outil g\u00e9r\u00e9 par la Fondation CHDI, Inc (CHDI). Elle est con\u00e7ue pour aider les promoteurs cliniques des \u00e9tudes sur la MH \u00e0 identifier les sites disposant des ressources appropri\u00e9es pour participer \u00e0 des \u00e9tudes et essais sp\u00e9cifiques, \u00e0 soutenir les analyses de faisabilit\u00e9 in silico, \u00e0 aider [\u2026]<\/p>","protected":false},"author":5,"featured_media":0,"parent":0,"menu_order":0,"comment_status":"closed","ping_status":"closed","template":"","meta":{"footnotes":"","_links_to":"","_links_to_target":""},"class_list":["post-16849","page","type-page","status-publish","hentry"],"_links":{"self":[{"href":"https:\/\/www.enroll-hd.org\/fr\/wp-json\/wp\/v2\/pages\/16849","targetHints":{"allow":["GET"]}}],"collection":[{"href":"https:\/\/www.enroll-hd.org\/fr\/wp-json\/wp\/v2\/pages"}],"about":[{"href":"https:\/\/www.enroll-hd.org\/fr\/wp-json\/wp\/v2\/types\/page"}],"author":[{"embeddable":true,"href":"https:\/\/www.enroll-hd.org\/fr\/wp-json\/wp\/v2\/users\/5"}],"replies":[{"embeddable":true,"href":"https:\/\/www.enroll-hd.org\/fr\/wp-json\/wp\/v2\/comments?post=16849"}],"version-history":[{"count":61,"href":"https:\/\/www.enroll-hd.org\/fr\/wp-json\/wp\/v2\/pages\/16849\/revisions"}],"predecessor-version":[{"id":16962,"href":"https:\/\/www.enroll-hd.org\/fr\/wp-json\/wp\/v2\/pages\/16849\/revisions\/16962"}],"wp:attachment":[{"href":"https:\/\/www.enroll-hd.org\/fr\/wp-json\/wp\/v2\/media?parent=16849"}],"curies":[{"name":"wp","href":"https:\/\/api.w.org\/{rel}","templated":true}]}}