{"id":15815,"date":"2024-02-02T14:12:43","date_gmt":"2024-02-02T19:12:43","guid":{"rendered":"https:\/\/3.84.221.207\/?page_id=15815"},"modified":"2024-05-15T09:25:27","modified_gmt":"2024-05-15T13:25:27","slug":"data-and-biosamples-projects","status":"publish","type":"page","link":"https:\/\/www.enroll-hd.org\/fr\/for-researchers\/data-and-biosamples-projects\/","title":{"rendered":"Projets de donn\u00e9es et d&#039;\u00e9chantillons biologiques"},"content":{"rendered":"<style>.elementor-15815 .elementor-element.elementor-element-c6b083e a{color:var( --e-global-color-primary );}.elementor-15815 .elementor-element.elementor-element-c6b083e{padding:50px 30px 0px 30px;}.elementor-15815 .elementor-element.elementor-element-8b642f1{color:var( --e-global-color-text );}.elementor-15815 .elementor-element.elementor-element-4fb81db a{color:var( --e-global-color-primary );}.elementor-15815 .elementor-element.elementor-element-4fb81db a:hover{color:var( --e-global-color-secondary );}:root{--page-title-display:none;}<\/style>\t\t<div data-elementor-type=\"wp-page\" data-elementor-id=\"15815\" class=\"elementor elementor-15815\" data-elementor-post-type=\"page\">\n\t\t\t\t\t\t<section class=\"elementor-section elementor-top-section elementor-element elementor-element-c6b083e elementor-section-full_width elementor-section-height-default elementor-section-height-default\" data-id=\"c6b083e\" data-element_type=\"section\" data-e-type=\"section\">\n\t\t\t\t\t\t<div class=\"elementor-container elementor-column-gap-default\">\n\t\t\t\t\t<div class=\"elementor-column elementor-col-100 elementor-top-column elementor-element elementor-element-df5bd5e\" data-id=\"df5bd5e\" data-element_type=\"column\" data-e-type=\"column\">\n\t\t\t<div class=\"elementor-widget-wrap elementor-element-populated\">\n\t\t\t\t\t\t<div class=\"elementor-element elementor-element-a473ba0 elementor-widget elementor-widget-heading\" data-id=\"a473ba0\" data-element_type=\"widget\" data-e-type=\"widget\" data-widget_type=\"heading.default\">\n\t\t\t\t<div class=\"elementor-widget-container\">\n\t\t\t\t\t<h2 class=\"elementor-heading-title elementor-size-default\">Projets de donn\u00e9es et d&#039;\u00e9chantillons biologiques<\/h2>\t\t\t\t<\/div>\n\t\t\t\t<\/div>\n\t\t\t\t<div class=\"elementor-element elementor-element-8b642f1 elementor-widget elementor-widget-text-editor\" data-id=\"8b642f1\" data-element_type=\"widget\" data-e-type=\"widget\" data-widget_type=\"text-editor.default\">\n\t\t\t\t<div class=\"elementor-widget-container\">\n\t\t\t\t\t\t\t\t\t<p>Les chercheurs acc\u00e9dant <a href=\"\/fr\/for-researchers\/hd-studies\/\">ensembles de donn\u00e9es et\/ou \u00e9chantillons biologiques mis \u00e0 disposition via la plateforme Enroll-HD<\/a> sont invit\u00e9s \u00e0 fournir une description concise de leur projet de recherche pr\u00e9vu. Pour encourager la recherche collaborative et informer les participants \u00e0 la recherche sur la mani\u00e8re dont leurs donn\u00e9es et \u00e9chantillons biologiques sont utilis\u00e9s, ces grandes lignes de projets sont publi\u00e9es ici. S\u2019il y a un chevauchement avec vos propres int\u00e9r\u00eats de recherche, veuillez contacter directement le chercheur pour en savoir plus \u2013 on ne sait jamais, cela pourrait \u00eatre le d\u00e9but d\u2019une collaboration productive.<\/p>\t\t\t\t\t\t\t\t<\/div>\n\t\t\t\t<\/div>\n\t\t\t\t\t<\/div>\n\t\t<\/div>\n\t\t\t\t\t<\/div>\n\t\t<\/section>\n\t\t\t\t<section class=\"elementor-section elementor-top-section elementor-element elementor-element-4fb81db elementor-section-full_width elementor-section-height-default elementor-section-height-default\" data-id=\"4fb81db\" data-element_type=\"section\" data-e-type=\"section\">\n\t\t\t\t\t\t<div class=\"elementor-container elementor-column-gap-default\">\n\t\t\t\t\t<div class=\"elementor-column elementor-col-100 elementor-top-column elementor-element elementor-element-96176ad\" data-id=\"96176ad\" data-element_type=\"column\" data-e-type=\"column\">\n\t\t\t<div class=\"elementor-widget-wrap elementor-element-populated\">\n\t\t\t\t\t\t<div class=\"elementor-element elementor-element-b207dcd elementor-widget elementor-widget-html\" data-id=\"b207dcd\" data-element_type=\"widget\" data-e-type=\"widget\" data-widget_type=\"html.default\">\n\t\t\t\t<div class=\"elementor-widget-container\">\n\t\t\t\t\t<script type=\"text\/javascript\">app_id=\"5f7b81b6f3812900183d69b9\";distribution_key=\"dist_5\";<\/script><script type=\"text\/javascript\" src=\"https:\/\/loader.knack.com\/5f7b81b6f3812900183d69b9\/dist_5\/knack.js\"><\/script><div id=\"knack-dist_5\">Chargement...<\/div>\t\t\t\t<\/div>\n\t\t\t\t<\/div>\n\t\t\t\t\t<\/div>\n\t\t<\/div>\n\t\t\t\t\t<\/div>\n\t\t<\/section>\n\t\t\t\t<\/div>","protected":false},"excerpt":{"rendered":"<p>Projets de donn\u00e9es et d&#039;\u00e9chantillons biologiques Les chercheurs acc\u00e9dant aux ensembles de donn\u00e9es et\/ou aux \u00e9chantillons biologiques mis \u00e0 disposition via la plateforme Enroll-HD sont invit\u00e9s \u00e0 fournir une description concise de leur projet de recherche pr\u00e9vu. Pour encourager la recherche collaborative et informer les participants \u00e0 la recherche sur la mani\u00e8re dont leurs donn\u00e9es et \u00e9chantillons biologiques sont utilis\u00e9s, ces grandes lignes de projets sont publi\u00e9es ici. S&#039;il y a un chevauchement [\u2026]<\/p>","protected":false},"author":5,"featured_media":0,"parent":1060,"menu_order":0,"comment_status":"closed","ping_status":"closed","template":"elementor_header_footer","meta":{"footnotes":"","_links_to":"","_links_to_target":""},"class_list":["post-15815","page","type-page","status-publish","hentry"],"_links":{"self":[{"href":"https:\/\/www.enroll-hd.org\/fr\/wp-json\/wp\/v2\/pages\/15815","targetHints":{"allow":["GET"]}}],"collection":[{"href":"https:\/\/www.enroll-hd.org\/fr\/wp-json\/wp\/v2\/pages"}],"about":[{"href":"https:\/\/www.enroll-hd.org\/fr\/wp-json\/wp\/v2\/types\/page"}],"author":[{"embeddable":true,"href":"https:\/\/www.enroll-hd.org\/fr\/wp-json\/wp\/v2\/users\/5"}],"replies":[{"embeddable":true,"href":"https:\/\/www.enroll-hd.org\/fr\/wp-json\/wp\/v2\/comments?post=15815"}],"version-history":[{"count":43,"href":"https:\/\/www.enroll-hd.org\/fr\/wp-json\/wp\/v2\/pages\/15815\/revisions"}],"predecessor-version":[{"id":16571,"href":"https:\/\/www.enroll-hd.org\/fr\/wp-json\/wp\/v2\/pages\/15815\/revisions\/16571"}],"up":[{"embeddable":true,"href":"https:\/\/www.enroll-hd.org\/fr\/wp-json\/wp\/v2\/pages\/1060"}],"wp:attachment":[{"href":"https:\/\/www.enroll-hd.org\/fr\/wp-json\/wp\/v2\/media?parent=15815"}],"curies":[{"name":"wp","href":"https:\/\/api.w.org\/{rel}","templated":true}]}}