{"id":9980,"date":"2021-11-09T14:23:32","date_gmt":"2021-11-09T19:23:32","guid":{"rendered":"https:\/\/platform.enroll-hd.org\/?page_id=9980"},"modified":"2025-08-21T11:08:22","modified_gmt":"2025-08-21T15:08:22","slug":"enroll-hd-publication-policy","status":"publish","type":"page","link":"https:\/\/www.enroll-hd.org\/es\/for-researchers\/enroll-hd-publication-policy\/","title":{"rendered":"Pol\u00edtica de publicaci\u00f3n Enroll-HD"},"content":{"rendered":"<style>.elementor-9980 .elementor-element.elementor-element-947a9e8{color:var( --e-global-color-text );padding:30px 0px 0px 0px;}.elementor-9980 .elementor-element.elementor-element-947a9e8 a{color:var( --e-global-color-primary );}.elementor-9980 .elementor-element.elementor-element-1f17bab > .elementor-widget-container{padding:20px 0px 0px 0px;}:root{--page-title-display:none;}<\/style>\t\t<div data-elementor-type=\"wp-page\" data-elementor-id=\"9980\" class=\"elementor elementor-9980\" data-elementor-post-type=\"page\">\n\t\t\t\t\t\t<section class=\"elementor-section elementor-top-section elementor-element elementor-element-947a9e8 elementor-section-boxed elementor-section-height-default elementor-section-height-default\" data-id=\"947a9e8\" data-element_type=\"section\" data-e-type=\"section\">\n\t\t\t\t\t\t<div class=\"elementor-container elementor-column-gap-default\">\n\t\t\t\t\t<div class=\"elementor-column elementor-col-100 elementor-top-column elementor-element elementor-element-38e32a9\" data-id=\"38e32a9\" data-element_type=\"column\" data-e-type=\"column\">\n\t\t\t<div class=\"elementor-widget-wrap elementor-element-populated\">\n\t\t\t\t\t\t<div class=\"elementor-element elementor-element-d890a2e elementor-widget elementor-widget-heading\" data-id=\"d890a2e\" data-element_type=\"widget\" data-e-type=\"widget\" data-widget_type=\"heading.default\">\n\t\t\t\t<div class=\"elementor-widget-container\">\n\t\t\t\t\t<h2 class=\"elementor-heading-title elementor-size-default\">Enroll-HD \u2013 Pol\u00edtica de Publicaci\u00f3n<\/h2>\t\t\t\t<\/div>\n\t\t\t\t<\/div>\n\t\t\t\t<div class=\"elementor-element elementor-element-1f17bab elementor-widget elementor-widget-text-editor\" data-id=\"1f17bab\" data-element_type=\"widget\" data-e-type=\"widget\" data-widget_type=\"text-editor.default\">\n\t\t\t\t<div class=\"elementor-widget-container\">\n\t\t\t\t\t\t\t\t\t<p>Enroll-HD y la Fundaci\u00f3n CHDI respetan la libertad de los investigadores para perseguir sus intereses de investigaci\u00f3n, incluida la publicaci\u00f3n independiente y sin restricciones de sus an\u00e1lisis y hallazgos.<\/p><p>Los investigadores que utilicen datos o muestras biol\u00f3gicas generadas dentro del estudio Enroll-HD se comprometen a:<\/p>\t\t\t\t\t\t\t\t<\/div>\n\t\t\t\t<\/div>\n\t\t\t\t<div class=\"elementor-element elementor-element-f5eaa14 elementor-widget elementor-widget-text-editor\" data-id=\"f5eaa14\" data-element_type=\"widget\" data-e-type=\"widget\" data-widget_type=\"text-editor.default\">\n\t\t\t\t<div class=\"elementor-widget-container\">\n\t\t\t\t\t\t\t\t\t<ol><li>publicaci\u00f3n r\u00e1pida de todos los datos v\u00e1lidos, resultados y otros resultados derivados del uso de datos o biomuestras;<\/li><li>reconocimiento del papel desempe\u00f1ado por todas las personas que contribuyen a una publicaci\u00f3n, como autores o no;<\/li><li>Reconocimiento (en la secci\u00f3n de M\u00e9todos, cuando corresponda) de los m\u00e9todos de recopilaci\u00f3n de datos del estudio Enroll-HD con el siguiente texto: \u00abLos datos utilizados en este trabajo fueron proporcionados generosamente por los participantes del estudio Enroll-HD y puestos a disposici\u00f3n por CHDI Foundation, Inc. Enroll-HD es una plataforma global de investigaci\u00f3n cl\u00ednica dise\u00f1ada para facilitar la investigaci\u00f3n cl\u00ednica en la enfermedad de Huntington. Anualmente, se recopilan conjuntos de datos b\u00e1sicos de todos los participantes en la investigaci\u00f3n como parte de este estudio observacional longitudinal multic\u00e9ntrico. Se supervisa la calidad y la precisi\u00f3n de los datos mediante un enfoque de seguimiento basado en el riesgo. Todos los centros deben obtener y mantener la aprobaci\u00f3n \u00e9tica local\u00bb.<\/li><li>Agradecimiento a los participantes en la investigaci\u00f3n Enroll-HD como grupo y al apoyo de la Fundaci\u00f3n CHDI como patrocinador, con el siguiente texto: \u201cLas biomuestras y los datos utilizados en este trabajo fueron proporcionados generosamente por los participantes en el estudio Enroll-HD y puestos a disposici\u00f3n por la Fundaci\u00f3n CHDI, Inc. Enroll-HD es una plataforma de investigaci\u00f3n cl\u00ednica y un estudio observacional longitudinal para familias con enfermedad de Huntington, cuyo objetivo es acelerar el progreso hacia terapias; est\u00e1 patrocinado por la Fundaci\u00f3n CHDI, una organizaci\u00f3n de investigaci\u00f3n biom\u00e9dica sin fines de lucro dedicada exclusivamente al desarrollo colaborativo de terapias que mejorar\u00e1n sustancialmente la vida de las personas afectadas por la EH. Enroll-HD no ser\u00eda posible sin la vital contribuci\u00f3n de los participantes en la investigaci\u00f3n y sus familias\u201d. Tambi\u00e9n se debe agradecer a otras entidades que brinden apoyo (financiero o de otro tipo), seg\u00fan corresponda.<\/li><li>reconocimiento de las personas que contribuyeron a la recopilaci\u00f3n de datos Enroll-HD al incluir la URL (<a href=\"https:\/\/enroll-hd.org\/enrollhd_documents\/Enroll-HD_Acknowledgement-List_20250821.pdf\" target=\"_blank\" rel=\"noopener\">https:\/\/enroll-hd.org\/enrollhd_documents\/Enroll-HD_Acknowledgement-List_20250821.pdf<\/a>) que enumera a esas personas.<\/li><\/ol>\t\t\t\t\t\t\t\t<\/div>\n\t\t\t\t<\/div>\n\t\t\t\t<div class=\"elementor-element elementor-element-1143c1e elementor-widget elementor-widget-text-editor\" data-id=\"1143c1e\" data-element_type=\"widget\" data-e-type=\"widget\" data-widget_type=\"text-editor.default\">\n\t\t\t\t<div class=\"elementor-widget-container\">\n\t\t\t\t\t\t\t\t\t<p><br \/>Investigadores que acceden a datos o muestras biol\u00f3gicas a trav\u00e9s de la plataforma Enroll-HD que se generaron dentro\u00a0<a href=\"\/es\/for-researchers\/hd-studies\/\">otros estudios cl\u00ednicos de HD<\/a> est\u00e1n igualmente comprometidos con esta pol\u00edtica de publicaci\u00f3n, incluido el reconocimiento del papel desempe\u00f1ado por todas las personas que contribuyen a una publicaci\u00f3n, como autores o de otro modo, utilizando el lenguaje determinado para cada conjunto de datos en el acuerdo de uso de datos espec\u00edfico.<\/p><p><strong>Paternidad literaria.<\/strong> La elegibilidad para la autor\u00eda, el orden de los autores, el reconocimiento de las personas cuya contribuci\u00f3n no justifica la autor\u00eda pero s\u00ed lo merece y, en la medida en que se aborde all\u00ed, otros asuntos relacionados con la autor\u00eda deben ser determinados por el comit\u00e9 de publicaci\u00f3n (ver a continuaci\u00f3n) de acuerdo con las pautas para <a href=\"https:\/\/www.jneurosci.org\/content\/20\/1\/F5\" target=\"_blank\" rel=\"noopener\">Conducta responsable en materia de comunicaci\u00f3n cient\u00edfica<\/a> establecidas por la Sociedad de Neurociencias (SfN) peri\u00f3dicamente. En particular, Enroll-HD se adherir\u00e1 a las\u00a0<a href=\"http:\/\/www.icmje.org\/recommendations\/browse\/roles-and-responsibilities\/defining-the-role-of-authors-and-contributors.html\" target=\"_blank\" rel=\"noopener noreferrer\">Criterios de autor\u00eda definidos por el Comit\u00e9 Internacional de Editores de Revistas M\u00e9dicas.<\/a>\u00a0(ICMJE) que ya han sido adoptados por la SfN, <em>La Revista M\u00e9dica Brit\u00e1nica, la Revista de la Asociaci\u00f3n M\u00e9dica Estadounidense, The Lancet, el New England Journal of Medicine,<\/em> y la Biblioteca P\u00fablica de Ciencias, entre muchas otras.<\/p><p><strong>Comit\u00e9 de Publicaciones.<\/strong> Si una o m\u00e1s personas proponen basar una publicaci\u00f3n cient\u00edfica en el an\u00e1lisis de datos o biomuestras obtenidos a trav\u00e9s de Enroll-HD\/CHDI, y estos datos o biomuestras no fueron generados exclusivamente por dichas personas, se recomienda la formaci\u00f3n de un comit\u00e9 de publicaci\u00f3n para abordar las cuestiones de publicaci\u00f3n (incluida la autor\u00eda) relacionadas con la publicaci\u00f3n. El comit\u00e9 de publicaci\u00f3n debe estar compuesto por todas las personas que cumplan los requisitos como autores o que lo ser\u00edan si se les ofreciera un papel en la preparaci\u00f3n del manuscrito (v\u00e9anse los criterios del ICMJE m\u00e1s arriba).<\/p><p><strong>Acceso abierto.<\/strong> Las publicaciones cient\u00edficas resultantes de los datos o biomuestras proporcionados a trav\u00e9s de la plataforma Enroll-HD deben difundirse lo m\u00e1s ampliamente posible. Se anima a los autores a enviar sus publicaciones a revistas de acceso abierto (gold); las publicaciones en dichas revistas pueden optar al reembolso de los costos de publicaci\u00f3n por parte del CHDI (v\u00e9ase <a href=\"https:\/\/chdifoundation.org\/policies\/#costs\" target=\"_blank\" rel=\"noopener noreferrer\">pol\u00edtica de reembolso de costos de publicaci\u00f3n<\/a>).<\/p><p><strong>Archivado.<\/strong> Se anima a los investigadores que utilicen datos de estudios y\/o biomuestras obtenidas a trav\u00e9s de Enroll-HD a que env\u00eden una copia de cada manuscrito publicado a <a href=\"mailto:info@enroll-hd.org?subject=Enroll-HD%20dataset%20publications\">info@enroll-hd.org<\/a>\u00a0Tras su publicaci\u00f3n, se incluir\u00e1 un enlace al art\u00edculo. Si la revista lo permite, se publicar\u00e1 una versi\u00f3n del art\u00edculo (o un enlace a \u00e9l) en el sitio web de Enroll-HD.<\/p><p>Actualizado el 21 de agosto de 2025<\/p>\t\t\t\t\t\t\t\t<\/div>\n\t\t\t\t<\/div>\n\t\t\t\t\t<\/div>\n\t\t<\/div>\n\t\t\t\t\t<\/div>\n\t\t<\/section>\n\t\t\t\t<\/div>","protected":false},"excerpt":{"rendered":"<p>Enroll-HD \u2013 Pol\u00edtica de Publicaci\u00f3n. Enroll-HD y la Fundaci\u00f3n CHDI respetan la libertad de los investigadores para desarrollar sus intereses de investigaci\u00f3n, incluyendo la publicaci\u00f3n independiente y sin restricciones de sus an\u00e1lisis y hallazgos. Los investigadores que utilicen datos o biomuestras generados en el estudio Enroll-HD se comprometen a: la pronta publicaci\u00f3n de todos los datos v\u00e1lidos, resultados y dem\u00e1s resultados derivados de dichos datos o biomuestras; el reconocimiento [\u2026]<\/p>","protected":false},"author":1,"featured_media":0,"parent":1060,"menu_order":0,"comment_status":"closed","ping_status":"closed","template":"","meta":{"footnotes":"","_links_to":"","_links_to_target":""},"class_list":["post-9980","page","type-page","status-publish","hentry"],"_links":{"self":[{"href":"https:\/\/www.enroll-hd.org\/es\/wp-json\/wp\/v2\/pages\/9980","targetHints":{"allow":["GET"]}}],"collection":[{"href":"https:\/\/www.enroll-hd.org\/es\/wp-json\/wp\/v2\/pages"}],"about":[{"href":"https:\/\/www.enroll-hd.org\/es\/wp-json\/wp\/v2\/types\/page"}],"author":[{"embeddable":true,"href":"https:\/\/www.enroll-hd.org\/es\/wp-json\/wp\/v2\/users\/1"}],"replies":[{"embeddable":true,"href":"https:\/\/www.enroll-hd.org\/es\/wp-json\/wp\/v2\/comments?post=9980"}],"version-history":[{"count":58,"href":"https:\/\/www.enroll-hd.org\/es\/wp-json\/wp\/v2\/pages\/9980\/revisions"}],"predecessor-version":[{"id":18396,"href":"https:\/\/www.enroll-hd.org\/es\/wp-json\/wp\/v2\/pages\/9980\/revisions\/18396"}],"up":[{"embeddable":true,"href":"https:\/\/www.enroll-hd.org\/es\/wp-json\/wp\/v2\/pages\/1060"}],"wp:attachment":[{"href":"https:\/\/www.enroll-hd.org\/es\/wp-json\/wp\/v2\/media?parent=9980"}],"curies":[{"name":"gracias","href":"https:\/\/api.w.org\/{rel}","templated":true}]}}