{"id":2865,"date":"2021-07-26T13:55:43","date_gmt":"2021-07-26T17:55:43","guid":{"rendered":"http:\/\/54.163.87.178\/?page_id=2865"},"modified":"2023-12-06T14:08:19","modified_gmt":"2023-12-06T19:08:19","slug":"contact-us","status":"publish","type":"page","link":"https:\/\/www.enroll-hd.org\/es\/contact-us\/","title":{"rendered":"Cont\u00e1ctenos"},"content":{"rendered":"<style>.elementor-2865 .elementor-element.elementor-element-bdde5a6{font-family:var( --e-global-typography-1026598-font-family ), Sans-serif;font-size:var( --e-global-typography-1026598-font-size );font-weight:var( --e-global-typography-1026598-font-weight );line-height:var( --e-global-typography-1026598-line-height );letter-spacing:var( --e-global-typography-1026598-letter-spacing );word-spacing:var( --e-global-typography-1026598-word-spacing );}.elementor-2865 .elementor-element.elementor-element-45c21bd{--divider-border-style:solid;--divider-color:#000;--divider-border-width:1px;}.elementor-2865 .elementor-element.elementor-element-45c21bd .elementor-divider-separator{width:100%;}.elementor-2865 .elementor-element.elementor-element-45c21bd .elementor-divider{padding-block-start:15px;padding-block-end:15px;}:root{--page-title-display:none;}@media(max-width:1024px){.elementor-2865 .elementor-element.elementor-element-bdde5a6{font-size:var( --e-global-typography-1026598-font-size );line-height:var( --e-global-typography-1026598-line-height );letter-spacing:var( --e-global-typography-1026598-letter-spacing );word-spacing:var( --e-global-typography-1026598-word-spacing );}}@media(max-width:767px){.elementor-2865 .elementor-element.elementor-element-bdde5a6{font-size:var( --e-global-typography-1026598-font-size );line-height:var( --e-global-typography-1026598-line-height );letter-spacing:var( --e-global-typography-1026598-letter-spacing );word-spacing:var( --e-global-typography-1026598-word-spacing );}}<\/style>\t\t<div data-elementor-type=\"wp-page\" data-elementor-id=\"2865\" class=\"elementor elementor-2865\" data-elementor-post-type=\"page\">\n\t\t\t\t\t\t<section class=\"elementor-section elementor-top-section elementor-element elementor-element-721070b elementor-section-boxed elementor-section-height-default elementor-section-height-default\" data-id=\"721070b\" data-element_type=\"section\" data-e-type=\"section\">\n\t\t\t\t\t\t<div class=\"elementor-container elementor-column-gap-default\">\n\t\t\t\t\t<div class=\"elementor-column elementor-col-100 elementor-top-column elementor-element elementor-element-fd2dbce\" data-id=\"fd2dbce\" data-element_type=\"column\" data-e-type=\"column\">\n\t\t\t<div class=\"elementor-widget-wrap elementor-element-populated\">\n\t\t\t\t\t\t<div class=\"elementor-element elementor-element-bdde5a6 elementor-widget elementor-widget-text-editor\" data-id=\"bdde5a6\" data-element_type=\"widget\" data-e-type=\"widget\" data-widget_type=\"text-editor.default\">\n\t\t\t\t<div class=\"elementor-widget-container\">\n\t\t\t\t\t\t\t\t\t<p>\u00bfTiene alguna pregunta o necesita ayuda?<br \/>Utilice el siguiente formulario para comunicarse con un miembro de soporte de Enroll-HD y nos comunicaremos con usted lo antes posible.<\/p>\t\t\t\t\t\t\t\t<\/div>\n\t\t\t\t<\/div>\n\t\t\t\t<div class=\"elementor-element elementor-element-54764cc elementor-widget elementor-widget-text-editor\" data-id=\"54764cc\" data-element_type=\"widget\" data-e-type=\"widget\" data-widget_type=\"text-editor.default\">\n\t\t\t\t<div class=\"elementor-widget-container\">\n\t\t\t\t\t\t\t\t\t<p>Al enviar el siguiente formulario para proporcionar su informaci\u00f3n, usted reconoce que su informaci\u00f3n ser\u00e1 transferida y acepta que la procesemos.<\/p>\t\t\t\t\t\t\t\t<\/div>\n\t\t\t\t<\/div>\n\t\t\t\t<div class=\"elementor-element elementor-element-45c21bd elementor-widget-divider--view-line elementor-widget elementor-widget-divider\" data-id=\"45c21bd\" data-element_type=\"widget\" data-e-type=\"widget\" data-widget_type=\"divider.default\">\n\t\t\t\t<div class=\"elementor-widget-container\">\n\t\t\t\t\t\t\t<div class=\"elementor-divider\">\n\t\t\t<span class=\"elementor-divider-separator\">\n\t\t\t\t\t\t<\/span>\n\t\t<\/div>\n\t\t\t\t\t\t<\/div>\n\t\t\t\t<\/div>\n\t\t\t\t\t<\/div>\n\t\t<\/div>\n\t\t\t\t\t<\/div>\n\t\t<\/section>\n\t\t\t\t<section class=\"elementor-section elementor-top-section elementor-element elementor-element-8dd5c95 elementor-section-boxed elementor-section-height-default elementor-section-height-default\" data-id=\"8dd5c95\" data-element_type=\"section\" data-e-type=\"section\">\n\t\t\t\t\t\t<div class=\"elementor-container elementor-column-gap-default\">\n\t\t\t\t\t<div class=\"elementor-column elementor-col-100 elementor-top-column elementor-element elementor-element-066b412\" data-id=\"066b412\" data-element_type=\"column\" data-e-type=\"column\">\n\t\t\t<div class=\"elementor-widget-wrap elementor-element-populated\">\n\t\t\t\t\t\t<div class=\"elementor-element elementor-element-1c24672 elementor-widget elementor-widget-wpforms\" data-id=\"1c24672\" data-element_type=\"widget\" data-e-type=\"widget\" data-widget_type=\"wpforms.default\">\n\t\t\t\t<div class=\"elementor-widget-container\">\n\t\t\t\t\t<div class=\"wpforms-container wpforms-container-full\" id=\"wpforms-15297\"><form id=\"wpforms-form-15297\" class=\"wpforms-validate wpforms-form\" data-formid=\"15297\" method=\"post\" enctype=\"multipart\/form-data\" action=\"\/es\/wp-json\/wp\/v2\/pages\/2865\" data-token=\"bd662a266b03303f087cfefba8df2e6c\" data-token-time=\"1775583300\" data-trp-original-action=\"\/es\/wp-json\/wp\/v2\/pages\/2865\"><noscript class=\"wpforms-error-noscript\">Por favor, activa JavaScript en tu navegador para completar este formulario.<\/noscript><div class=\"wpforms-field-container\"><div id=\"wpforms-15297-field_0-container\" class=\"wpforms-field wpforms-field-name\" data-field-id=\"0\"><label class=\"wpforms-field-label\" for=\"wpforms-15297-field_0\">Nombre <span class=\"wpforms-required-label\">*<\/span><\/label><div class=\"wpforms-field-row wpforms-field-medium\"><div class=\"wpforms-field-row-block wpforms-first wpforms-one-half\"><input type=\"text\" id=\"wpforms-15297-field_0\" class=\"wpforms-field-name-first wpforms-field-required\" name=\"wpforms[fields][0][first]\" placeholder=\"Nombre de pila\" required><label for=\"wpforms-15297-field_0\" class=\"wpforms-field-sublabel after wpforms-sublabel-hide\">nombre<\/label><\/div><div class=\"wpforms-field-row-block wpforms-one-half\"><input type=\"text\" id=\"wpforms-15297-field_0-last\" class=\"wpforms-field-name-last wpforms-field-required\" name=\"wpforms[fields][0][last]\" placeholder=\"Apellido\" required><label for=\"wpforms-15297-field_0-last\" class=\"wpforms-field-sublabel after wpforms-sublabel-hide\">Apelidos<\/label><\/div><\/div><\/div><div id=\"wpforms-15297-field_1-container\" class=\"wpforms-field wpforms-field-email\" data-field-id=\"1\"><label class=\"wpforms-field-label\" for=\"wpforms-15297-field_1\">Correo electr\u00f3nico <span class=\"wpforms-required-label\">*<\/span><\/label><input type=\"email\" id=\"wpforms-15297-field_1\" class=\"wpforms-field-medium wpforms-field-required\" name=\"wpforms[fields][1]\" placeholder=\"Introduce una direcci\u00f3n de correo electr\u00f3nico donde podamos contactar contigo\" spellcheck=\"false\" required><\/div><div id=\"wpforms-15297-field_3-container\" class=\"wpforms-field wpforms-field-select wpforms-two-thirds wpforms-first wpforms-conditional-trigger wpforms-field-select-style-modern\" data-field-id=\"3\"><label class=\"wpforms-field-label\" for=\"wpforms-15297-field_3\">Estoy interesado en: <span class=\"wpforms-required-label\">*<\/span><\/label><select id=\"wpforms-15297-field_3\" class=\"wpforms-field-medium wpforms-field-required choicesjs-select\" data-size-class=\"wpforms-field-row wpforms-field-medium\" data-search-enabled=\"1\" name=\"wpforms[fields][3]\" required=\"required\"><option value=\"\" class=\"placeholder\" disabled selected='selected'>Selecciona tu tema<\/option><option value=\"asas\"  class=\"choice-3 depth-1\"  >Configuracion de cuenta<\/option><option value=\"baes\"  class=\"choice-7 depth-1\"  >Convertirse en un sitio de estudio Enroll-HD<\/option><option value=\"bdua\"  class=\"choice-13 depth-1\"  >Acceso a biomuestras\/datos, formularios de solicitud y acuerdos de uso<\/option><option value=\"ctpi\"  class=\"choice-9 depth-1\"  >Problemas del portal de formaci\u00f3n cl\u00ednica<\/option><option value=\"dekr\"  class=\"choice-5 depth-1\"  >Solicitud de clave de cifrado de conjunto de datos<\/option><option value=\"cssi\"  class=\"choice-12 depth-1\"  >Consulta de la industria<\/option><option value=\"pieh\"  class=\"choice-8 depth-1\"  >Participando en Enroll-HD<\/option><option value=\"siag\"  class=\"choice-14 depth-1\"  >Consulta del sitio sobre GSID<\/option><option value=\"tata\"  class=\"choice-1 depth-1\"  >Acceso a la formaci\u00f3n<\/option><option value=\"othe\"  class=\"choice-4 depth-1\"  >Otro<\/option><\/select><\/div><div id=\"wpforms-15297-field_7-container\" class=\"wpforms-field wpforms-field-html wpforms-conditional-field wpforms-conditional-show\" data-field-id=\"7\" style=\"display:none;\"><div id=\"wpforms-15297-field_7\">Si tiene preguntas generales sobre la conducta del estudio, consulte al administrador del sitio o al coordinador de idiomas de Enroll-HD. Si tiene preguntas t\u00e9cnicas o de inicio de sesi\u00f3n sobre el Portal de capacitaci\u00f3n cl\u00ednica, contin\u00fae procesando este formulario.<\/div><\/div><div id=\"wpforms-15297-field_6-container\" class=\"wpforms-field wpforms-field-html wpforms-conditional-field wpforms-conditional-show\" data-field-id=\"6\" style=\"display:none;\"><div id=\"wpforms-15297-field_6\">Si pertenece a una familia con EH y le gustar\u00eda participar en Enroll-HD en uno de nuestros sitios de estudio, o est\u00e1 buscando informaci\u00f3n o atenci\u00f3n cl\u00ednica en un centro de EH, utilice nuestro <a href=\"https:\/\/www.enroll-hd.org\/es\/map\/#locate-an-enroll-hd-clinic\/?view_20_per_page=500&view_166_per_page=500\" target=\"_blank\">Mapa interactivo de Ubicaciones de Cl\u00ednicas<\/a> e informaci\u00f3n de contacto del sitio para ubicar y comunicarse con el sitio de estudio m\u00e1s cercano a usted. Si tiene alguna pregunta sobre este proceso, contin\u00fae procesando este formulario.<\/div><\/div><div id=\"wpforms-15297-field_8-container\" class=\"wpforms-field wpforms-field-html wpforms-conditional-field wpforms-conditional-show\" data-field-id=\"8\" style=\"display:none;\"><div id=\"wpforms-15297-field_8\">Ingrese la versi\u00f3n del conjunto de datos para la que solicita la clave de cifrado en el cuadro de comentarios a continuaci\u00f3n:<\/div><\/div><div id=\"wpforms-15297-field_2-container\" class=\"wpforms-field wpforms-field-textarea\" data-field-id=\"2\"><label class=\"wpforms-field-label\" for=\"wpforms-15297-field_2\">Comentario o mensaje <span class=\"wpforms-required-label\">*<\/span><\/label><textarea id=\"wpforms-15297-field_2\" class=\"wpforms-field-medium wpforms-field-required wpforms-limit-words-enabled\" data-form-id=\"15297\" data-field-id=\"2\" data-text-limit=\"200\" name=\"wpforms[fields][2]\" required><\/textarea><\/div><div id=\"wpforms-15297-field_9-container\" class=\"wpforms-field wpforms-field-hidden\" data-field-id=\"9\"><input type=\"hidden\" id=\"wpforms-15297-field_9\" name=\"wpforms[fields][9]\"><\/div><\/div><!-- .wpforms-field-container --><div class=\"wpforms-recaptcha-container wpforms-is-recaptcha wpforms-is-recaptcha-type-v3\" ><input type=\"hidden\" name=\"wpforms[recaptcha]\" value=\"\"><\/div><div class=\"wpforms-submit-container\" ><input type=\"hidden\" name=\"wpforms[id]\" value=\"15297\"><input type=\"hidden\" name=\"page_title\" value=\"\"><input type=\"hidden\" name=\"page_url\" value=\"https:\/\/www.enroll-hd.org\/es\/wp-json\/wp\/v2\/pages\/2865\"><input type=\"hidden\" name=\"url_referer\" value=\"\"><button type=\"submit\" name=\"wpforms[submit]\" id=\"wpforms-submit-15297\" class=\"wpforms-submit\" data-alt-text=\"Sending...\" data-submit-text=\"Submit\" aria-live=\"assertive\" value=\"wpforms-submit\">Entregar<\/button><\/div><input type=\"hidden\" name=\"trp-form-language\" value=\"es\"\/><\/form><\/div>  <!-- .wpforms-container -->\t\t\t\t<\/div>\n\t\t\t\t<\/div>\n\t\t\t\t\t<\/div>\n\t\t<\/div>\n\t\t\t\t\t<\/div>\n\t\t<\/section>\n\t\t\t\t<\/div>","protected":false},"excerpt":{"rendered":"<p>\u00bfTiene alguna pregunta o necesita ayuda? Utilice el siguiente formulario para comunicarse con un miembro de soporte de Enroll-HD y nos comunicaremos con usted lo antes posible. Al enviar el siguiente formulario para proporcionar su informaci\u00f3n, usted reconoce que su informaci\u00f3n ser\u00e1 transferida y acepta que la procesemos. Habilite JavaScript [\u2026]<\/p>","protected":false},"author":1,"featured_media":0,"parent":0,"menu_order":0,"comment_status":"closed","ping_status":"closed","template":"","meta":{"footnotes":"","_links_to":"","_links_to_target":""},"class_list":["post-2865","page","type-page","status-publish","hentry"],"_links":{"self":[{"href":"https:\/\/www.enroll-hd.org\/es\/wp-json\/wp\/v2\/pages\/2865","targetHints":{"allow":["GET"]}}],"collection":[{"href":"https:\/\/www.enroll-hd.org\/es\/wp-json\/wp\/v2\/pages"}],"about":[{"href":"https:\/\/www.enroll-hd.org\/es\/wp-json\/wp\/v2\/types\/page"}],"author":[{"embeddable":true,"href":"https:\/\/www.enroll-hd.org\/es\/wp-json\/wp\/v2\/users\/1"}],"replies":[{"embeddable":true,"href":"https:\/\/www.enroll-hd.org\/es\/wp-json\/wp\/v2\/comments?post=2865"}],"version-history":[{"count":28,"href":"https:\/\/www.enroll-hd.org\/es\/wp-json\/wp\/v2\/pages\/2865\/revisions"}],"predecessor-version":[{"id":15302,"href":"https:\/\/www.enroll-hd.org\/es\/wp-json\/wp\/v2\/pages\/2865\/revisions\/15302"}],"wp:attachment":[{"href":"https:\/\/www.enroll-hd.org\/es\/wp-json\/wp\/v2\/media?parent=2865"}],"curies":[{"name":"gracias","href":"https:\/\/api.w.org\/{rel}","templated":true}]}}