{"id":16849,"date":"2024-08-06T09:34:35","date_gmt":"2024-08-06T13:34:35","guid":{"rendered":"https:\/\/3.84.221.207\/?page_id=16849"},"modified":"2024-09-04T12:43:24","modified_gmt":"2024-09-04T16:43:24","slug":"gsid","status":"publish","type":"page","link":"https:\/\/www.enroll-hd.org\/es\/gsid\/","title":{"rendered":"Identificador general"},"content":{"rendered":"<style>.elementor-16849 .elementor-element.elementor-element-c3c3af6 a{color:var( --e-global-color-primary );}.elementor-16849 .elementor-element.elementor-element-b05d391{padding:0px 0px 50px 0px;}.elementor-16849 .elementor-element.elementor-element-bfea09d .jeg-elementor-kit.jkit-button{text-align:center;}.elementor-16849 .elementor-element.elementor-element-bfea09d .jeg-elementor-kit.jkit-button .jkit-button-wrapper{background-color:var( --e-global-color-primary );}.elementor-16849 .elementor-element.elementor-element-bfea09d .jeg-elementor-kit.jkit-button.icon-position-before .jkit-button-wrapper i, .elementor-16849 .elementor-element.elementor-element-bfea09d .jeg-elementor-kit.jkit-button.icon-position-before .jkit-button-wrapper svg{margin-right:5px;}.elementor-16849 .elementor-element.elementor-element-bfea09d .jeg-elementor-kit.jkit-button.icon-position-after .jkit-button-wrapper i, .elementor-16849 .elementor-element.elementor-element-bfea09d .jeg-elementor-kit.jkit-button.icon-position-after .jkit-button-wrapper svg{margin-left:5px;}:root{--page-title-display:none;}<\/style>\t\t<div data-elementor-type=\"wp-page\" data-elementor-id=\"16849\" class=\"elementor elementor-16849\" data-elementor-post-type=\"page\">\n\t\t\t\t\t\t<section class=\"elementor-section elementor-top-section elementor-element elementor-element-c3c3af6 elementor-section-boxed elementor-section-height-default elementor-section-height-default\" data-id=\"c3c3af6\" data-element_type=\"section\" data-e-type=\"section\">\n\t\t\t\t\t\t<div class=\"elementor-container elementor-column-gap-default\">\n\t\t\t\t\t<div class=\"elementor-column elementor-col-100 elementor-top-column elementor-element elementor-element-3feaf65\" data-id=\"3feaf65\" data-element_type=\"column\" data-e-type=\"column\">\n\t\t\t<div class=\"elementor-widget-wrap elementor-element-populated\">\n\t\t\t\t\t\t<div class=\"elementor-element elementor-element-6c93611 elementor-widget elementor-widget-heading\" data-id=\"6c93611\" data-element_type=\"widget\" data-e-type=\"widget\" data-widget_type=\"heading.default\">\n\t\t\t\t<div class=\"elementor-widget-container\">\n\t\t\t\t\t<h2 class=\"elementor-heading-title elementor-size-default\">Base de datos de investigadores del centro global para la enfermedad de Huntington (GSID)<\/h2>\t\t\t\t<\/div>\n\t\t\t\t<\/div>\n\t\t\t\t<div class=\"elementor-element elementor-element-de75b56 elementor-widget elementor-widget-text-editor\" data-id=\"de75b56\" data-element_type=\"widget\" data-e-type=\"widget\" data-widget_type=\"text-editor.default\">\n\t\t\t\t<div class=\"elementor-widget-container\">\n\t\t\t\t\t\t\t\t\t<p>La base de datos global de investigadores de centros para la enfermedad de Huntington (GSID, por sus siglas en ingl\u00e9s) es una herramienta mantenida por CHDI Foundation, Inc. (CHDI). Est\u00e1 dise\u00f1ada para ayudar a los patrocinadores cl\u00ednicos de estudios de HD a identificar centros con recursos adecuados para participar en estudios y ensayos espec\u00edficos, respaldar los an\u00e1lisis de viabilidad in silico, ayudar con las actividades de puesta en marcha de los centros y permitir la evaluaci\u00f3n de la elegibilidad de los centros para participar en el plan de certificaci\u00f3n de centros de ensayos cl\u00ednicos de HD Enroll-HD.<\/p><p>GSID est\u00e1 poblado por centros de estudio y cubre varias \u00e1reas de recursos centrales, que incluyen: General (contiene informaci\u00f3n sobre la instituci\u00f3n y la cl\u00ednica de HD), Contactos, Experiencia en ensayos y estudios, Poblaci\u00f3n de HD, Instalaciones y procedimientos, Neuroim\u00e1genes y Aprobaciones y contrataciones.<\/p><p>GSID tambi\u00e9n contiene cuestionarios de viabilidad espec\u00edficos para cada estudio que pueden utilizar y desarrollar la informaci\u00f3n contenida en las secciones principales.<\/p><p><strong>\u00bfPor qu\u00e9 los centros deben completar el GSID?<\/strong><\/p><p>El objetivo de GSID es crear una base de datos completa de las capacidades del centro; la finalizaci\u00f3n de GSID puede proporcionar a su centro mayores oportunidades de participar en futuros esfuerzos de investigaci\u00f3n. <br \/>Se les pide a los centros que completen preguntas en cada una de las secciones principales. Esto puede llevar alg\u00fan tiempo, pero una vez que est\u00e9 completo, solo ser\u00e1 necesario realizar actualizaciones si algo cambia en su centro (los administradores de GSID le enviar\u00e1n un recordatorio anual para que revise los detalles) o si se le solicita informaci\u00f3n adicional espec\u00edfica. Por ejemplo, se les puede solicitar a los centros que completen secciones adicionales del GSID para la viabilidad espec\u00edfica del estudio (por ejemplo, Enroll-HD 2.0; estudios de plataforma), seg\u00fan los requisitos del estudio.<\/p><p><em>Tenga en cuenta: completar el GSID es un requisito para todos los centros Enroll-HD, incluidos los centros que est\u00e9n interesados en convertirse en un centro Enroll-HD.<\/em><\/p><p><strong>\u00bfQui\u00e9n tiene acceso al GSID?<\/strong><\/p><p>La informaci\u00f3n contenida en el GSID estar\u00e1 disponible directamente para los equipos de estudio de Enroll-HD y CHDI. Cada centro tambi\u00e9n tiene acceso a sus propios datos. Los patrocinadores de estudios y ensayos acad\u00e9micos y de la industria y los investigadores deben solicitar acceso al GSID; dicho acceso est\u00e1 sujeto a la aprobaci\u00f3n del Comit\u00e9 de Gobernanza de Enroll-HD y debe tener como finalidad identificar centros que tengan instalaciones, experiencia y recursos adecuados para un estudio o ensayo espec\u00edfico.<\/p><p><strong>M\u00e1s informaci\u00f3n<\/strong><\/p><p><em>Centros Enroll-HD:<\/em><\/p><p>Recientemente hemos realizado la transici\u00f3n del GSID a una nueva plataforma (Core GSID). Si su centro ya tiene un perfil GSID, la informaci\u00f3n relevante se migrar\u00e1 al nuevo Core GSID. Comun\u00edquese con el administrador de su centro Enroll-HD o con LANCO si tiene alguna pregunta. Si su centro no tiene un registro GSID, env\u00edenos un mensaje a trav\u00e9s de <a href=\"\/es\/contact-us\/\">Formulario de contacto<\/a>.<\/p><p>Si tiene problemas para acceder a su perfil GSID o tiene alguna pregunta, comun\u00edquese con <a href=\"mailto:gsid@enroll-hd.org\">gsid@enroll-hd.org<\/a>.<\/p><p><em>Patrocinadores del estudio cl\u00ednico:<\/em><\/p><p>Para discutir el acceso a la informaci\u00f3n contenida en el GSID, env\u00edenos un mensaje a trav\u00e9s de <a href=\"\/es\/contact-us\/\">Formulario de contacto<\/a>.<\/p>\t\t\t\t\t\t\t\t<\/div>\n\t\t\t\t<\/div>\n\t\t\t\t\t<\/div>\n\t\t<\/div>\n\t\t\t\t\t<\/div>\n\t\t<\/section>\n\t\t\t\t<section class=\"elementor-section elementor-top-section elementor-element elementor-element-b05d391 elementor-section-boxed elementor-section-height-default elementor-section-height-default\" data-id=\"b05d391\" data-element_type=\"section\" data-e-type=\"section\">\n\t\t\t\t\t\t<div class=\"elementor-container elementor-column-gap-default\">\n\t\t\t\t\t<div class=\"elementor-column elementor-col-100 elementor-top-column elementor-element elementor-element-7cd5bfb\" data-id=\"7cd5bfb\" data-element_type=\"column\" data-e-type=\"column\">\n\t\t\t<div class=\"elementor-widget-wrap elementor-element-populated\">\n\t\t\t\t\t\t<div class=\"elementor-element elementor-element-bfea09d elementor-widget elementor-widget-jkit_button\" data-id=\"bfea09d\" data-element_type=\"widget\" data-e-type=\"widget\" data-widget_type=\"jkit_button.default\">\n\t\t\t\t<div class=\"elementor-widget-container\">\n\t\t\t\t\t<div  class=\"jeg-elementor-kit jkit-button  icon-position-before jeg_module___69e616cc76b04\" ><a href=\"https:\/\/i.knack.com\/clinic-locations#gsid-login\/auth\/Auth\" class=\"jkit-button-wrapper\" target=\"_blank\">Abrir GSID en una nueva ventana<\/a><\/div>\t\t\t\t<\/div>\n\t\t\t\t<\/div>\n\t\t\t\t\t<\/div>\n\t\t<\/div>\n\t\t\t\t\t<\/div>\n\t\t<\/section>\n\t\t\t\t<\/div>","protected":false},"excerpt":{"rendered":"<p>Global Site Investigator Database for Huntington\u2019s Disease (GSID) The Global Site Investigator Database for Huntington\u2019s disease (GSID) is a tool maintained by CHDI Foundation, Inc (CHDI). It is designed to assist clinical sponsors of HD studies in identifying sites with appropriate resources for participating in specific studies and trials, support in silico feasibility analyses, assist [&hellip;]<\/p>\n","protected":false},"author":5,"featured_media":0,"parent":0,"menu_order":0,"comment_status":"closed","ping_status":"closed","template":"","meta":{"footnotes":"","_links_to":"","_links_to_target":""},"class_list":["post-16849","page","type-page","status-publish","hentry"],"_links":{"self":[{"href":"https:\/\/www.enroll-hd.org\/es\/wp-json\/wp\/v2\/pages\/16849","targetHints":{"allow":["GET"]}}],"collection":[{"href":"https:\/\/www.enroll-hd.org\/es\/wp-json\/wp\/v2\/pages"}],"about":[{"href":"https:\/\/www.enroll-hd.org\/es\/wp-json\/wp\/v2\/types\/page"}],"author":[{"embeddable":true,"href":"https:\/\/www.enroll-hd.org\/es\/wp-json\/wp\/v2\/users\/5"}],"replies":[{"embeddable":true,"href":"https:\/\/www.enroll-hd.org\/es\/wp-json\/wp\/v2\/comments?post=16849"}],"version-history":[{"count":61,"href":"https:\/\/www.enroll-hd.org\/es\/wp-json\/wp\/v2\/pages\/16849\/revisions"}],"predecessor-version":[{"id":16962,"href":"https:\/\/www.enroll-hd.org\/es\/wp-json\/wp\/v2\/pages\/16849\/revisions\/16962"}],"wp:attachment":[{"href":"https:\/\/www.enroll-hd.org\/es\/wp-json\/wp\/v2\/media?parent=16849"}],"curies":[{"name":"gracias","href":"https:\/\/api.w.org\/{rel}","templated":true}]}}