{"id":15034,"date":"2023-09-28T14:13:31","date_gmt":"2023-09-28T18:13:31","guid":{"rendered":"https:\/\/3.84.221.207\/?page_id=15034"},"modified":"2023-12-12T15:44:25","modified_gmt":"2023-12-12T20:44:25","slug":"current-studies-online","status":"publish","type":"page","link":"https:\/\/www.enroll-hd.org\/es\/for-hd-families\/current-studies-online\/","title":{"rendered":"Estudios actuales: en l\u00ednea"},"content":{"rendered":"<style>.elementor-15034 .elementor-element.elementor-element-335e923 > .elementor-container{max-width:1150px;}.elementor-15034 .elementor-element.elementor-element-335e923:not(.elementor-motion-effects-element-type-background), .elementor-15034 .elementor-element.elementor-element-335e923 > .elementor-motion-effects-container > .elementor-motion-effects-layer{background-image:url(\"https:\/\/www.enroll-hd.org\/wp-content\/uploads\/2023\/10\/current-studies-online-rs.jpg\");background-position:0px 63%;background-size:cover;}.elementor-15034 .elementor-element.elementor-element-335e923{transition:background 0.3s, border 0.3s, border-radius 0.3s, box-shadow 0.3s;padding:25px 0px 25px 0px;}.elementor-15034 .elementor-element.elementor-element-335e923 > .elementor-background-overlay{transition:background 0.3s, border-radius 0.3s, opacity 0.3s;}.elementor-15034 .elementor-element.elementor-element-335e923 a{color:#FFFFFF;}.elementor-15034 .elementor-element.elementor-element-d82f99b .jeg-elementor-kit.jkit-button{text-align:center;}.elementor-15034 .elementor-element.elementor-element-d82f99b .jeg-elementor-kit.jkit-button .jkit-button-wrapper{padding:0px 0px 0px 0px;font-family:var( --e-global-typography-6cb29b0-font-family ), Sans-serif;font-size:var( --e-global-typography-6cb29b0-font-size );font-weight:var( --e-global-typography-6cb29b0-font-weight );line-height:var( --e-global-typography-6cb29b0-line-height );letter-spacing:var( --e-global-typography-6cb29b0-letter-spacing );word-spacing:var( --e-global-typography-6cb29b0-word-spacing );color:#FFFFFF;background-color:#02010100;}.elementor-15034 .elementor-element.elementor-element-d82f99b .jeg-elementor-kit.jkit-button .jkit-button-wrapper svg{fill:#FFFFFF;width:15px;}.elementor-15034 .elementor-element.elementor-element-d82f99b .jeg-elementor-kit.jkit-button .jkit-button-wrapper i{font-size:15px;}.elementor-15034 .elementor-element.elementor-element-d82f99b .jeg-elementor-kit.jkit-button.icon-position-before .jkit-button-wrapper i, .elementor-15034 .elementor-element.elementor-element-d82f99b .jeg-elementor-kit.jkit-button.icon-position-before .jkit-button-wrapper svg{margin-right:10px;}.elementor-15034 .elementor-element.elementor-element-d82f99b .jeg-elementor-kit.jkit-button.icon-position-after .jkit-button-wrapper i, .elementor-15034 .elementor-element.elementor-element-d82f99b .jeg-elementor-kit.jkit-button.icon-position-after .jkit-button-wrapper svg{margin-left:10px;}.elementor-15034 .elementor-element.elementor-element-d82f99b > .elementor-widget-container{margin:0px 10px 0px 0px;}.elementor-15034 .elementor-element.elementor-element-d82f99b{width:auto;max-width:auto;}.elementor-15034 .elementor-element.elementor-element-2628d69 .jeg-elementor-kit.jkit-button{text-align:center;}.elementor-15034 .elementor-element.elementor-element-2628d69 .jeg-elementor-kit.jkit-button .jkit-button-wrapper{padding:0px 0px 0px 0px;font-family:var( --e-global-typography-6cb29b0-font-family ), Sans-serif;font-size:var( --e-global-typography-6cb29b0-font-size );font-weight:var( --e-global-typography-6cb29b0-font-weight );line-height:var( --e-global-typography-6cb29b0-line-height );letter-spacing:var( --e-global-typography-6cb29b0-letter-spacing );word-spacing:var( --e-global-typography-6cb29b0-word-spacing );color:#FFFFFF;background-color:#02010100;}.elementor-15034 .elementor-element.elementor-element-2628d69 .jeg-elementor-kit.jkit-button .jkit-button-wrapper svg{fill:#FFFFFF;width:15px;}.elementor-15034 .elementor-element.elementor-element-2628d69 .jeg-elementor-kit.jkit-button .jkit-button-wrapper i{font-size:15px;}.elementor-15034 .elementor-element.elementor-element-2628d69 .jeg-elementor-kit.jkit-button.icon-position-before .jkit-button-wrapper i, .elementor-15034 .elementor-element.elementor-element-2628d69 .jeg-elementor-kit.jkit-button.icon-position-before .jkit-button-wrapper svg{margin-right:10px;}.elementor-15034 .elementor-element.elementor-element-2628d69 .jeg-elementor-kit.jkit-button.icon-position-after .jkit-button-wrapper i, .elementor-15034 .elementor-element.elementor-element-2628d69 .jeg-elementor-kit.jkit-button.icon-position-after .jkit-button-wrapper svg{margin-left:10px;}.elementor-15034 .elementor-element.elementor-element-2628d69 > .elementor-widget-container{margin:0px 10px 0px 0px;}.elementor-15034 .elementor-element.elementor-element-2628d69{width:auto;max-width:auto;}.elementor-15034 .elementor-element.elementor-element-79cb25c .jeg-elementor-kit.jkit-button{text-align:center;}.elementor-15034 .elementor-element.elementor-element-79cb25c .jeg-elementor-kit.jkit-button .jkit-button-wrapper{padding:0px 0px 0px 0px;font-family:var( --e-global-typography-6cb29b0-font-family ), Sans-serif;font-size:var( --e-global-typography-6cb29b0-font-size );font-weight:var( --e-global-typography-6cb29b0-font-weight );line-height:var( --e-global-typography-6cb29b0-line-height );letter-spacing:var( --e-global-typography-6cb29b0-letter-spacing );word-spacing:var( --e-global-typography-6cb29b0-word-spacing );color:#FFFFFF;background-color:#02010100;}.elementor-15034 .elementor-element.elementor-element-79cb25c .jeg-elementor-kit.jkit-button .jkit-button-wrapper svg{fill:#FFFFFF;width:15px;}.elementor-15034 .elementor-element.elementor-element-79cb25c .jeg-elementor-kit.jkit-button .jkit-button-wrapper i{font-size:15px;}.elementor-15034 .elementor-element.elementor-element-79cb25c .jeg-elementor-kit.jkit-button.icon-position-before .jkit-button-wrapper i, .elementor-15034 .elementor-element.elementor-element-79cb25c .jeg-elementor-kit.jkit-button.icon-position-before .jkit-button-wrapper svg{margin-right:10px;}.elementor-15034 .elementor-element.elementor-element-79cb25c .jeg-elementor-kit.jkit-button.icon-position-after .jkit-button-wrapper i, .elementor-15034 .elementor-element.elementor-element-79cb25c .jeg-elementor-kit.jkit-button.icon-position-after .jkit-button-wrapper svg{margin-left:10px;}.elementor-15034 .elementor-element.elementor-element-79cb25c > .elementor-widget-container{margin:0px 10px 0px 0px;}.elementor-15034 .elementor-element.elementor-element-79cb25c{width:auto;max-width:auto;}.elementor-15034 .elementor-element.elementor-element-a100da2{--spacer-size:5px;}.elementor-15034 .elementor-element.elementor-element-7f388f0 .elementor-heading-title{font-family:var( --e-global-typography-580e878-font-family ), Sans-serif;font-size:var( --e-global-typography-580e878-font-size );font-weight:var( --e-global-typography-580e878-font-weight );line-height:var( --e-global-typography-580e878-line-height );letter-spacing:var( --e-global-typography-580e878-letter-spacing );word-spacing:var( --e-global-typography-580e878-word-spacing );color:#FFFFFF;}.elementor-15034 .elementor-element.elementor-element-dbbfa80{column-gap:0px;font-family:\"Roboto\", Sans-serif;font-size:18px;font-weight:400;color:#F0F0F0;}.elementor-bc-flex-widget .elementor-15034 .elementor-element.elementor-element-ba75be4.elementor-column .elementor-widget-wrap{align-items:flex-end;}.elementor-15034 .elementor-element.elementor-element-ba75be4.elementor-column.elementor-element[data-element_type=\"column\"] > .elementor-widget-wrap.elementor-element-populated{align-content:flex-end;align-items:flex-end;}.elementor-15034 .elementor-element.elementor-element-5bcca0f .elementor-heading-title{color:var( --e-global-color-secondary );}.elementor-15034 .elementor-element.elementor-element-5bcca0f a{color:var( --e-global-color-primary );}.elementor-15034 .elementor-element.elementor-element-5bcca0f{margin-top:0px;margin-bottom:-30px;padding:0px 0px 0px 0px;}:root{--page-title-display:none;}@media(max-width:1024px){.elementor-15034 .elementor-element.elementor-element-335e923:not(.elementor-motion-effects-element-type-background), .elementor-15034 .elementor-element.elementor-element-335e923 > .elementor-motion-effects-container > .elementor-motion-effects-layer{background-position:center center;}.elementor-15034 .elementor-element.elementor-element-335e923{padding:100px 10px 200px 10px;}.elementor-15034 .elementor-element.elementor-element-d82f99b .jeg-elementor-kit.jkit-button .jkit-button-wrapper{font-size:var( --e-global-typography-6cb29b0-font-size );line-height:var( --e-global-typography-6cb29b0-line-height );letter-spacing:var( --e-global-typography-6cb29b0-letter-spacing );word-spacing:var( --e-global-typography-6cb29b0-word-spacing );}.elementor-15034 .elementor-element.elementor-element-d82f99b .jeg-elementor-kit.jkit-button.icon-position-before .jkit-button-wrapper i, .elementor-15034 .elementor-element.elementor-element-d82f99b .jeg-elementor-kit.jkit-button.icon-position-before .jkit-button-wrapper svg{margin-right:10px;}.elementor-15034 .elementor-element.elementor-element-d82f99b .jeg-elementor-kit.jkit-button.icon-position-after .jkit-button-wrapper i, .elementor-15034 .elementor-element.elementor-element-d82f99b .jeg-elementor-kit.jkit-button.icon-position-after .jkit-button-wrapper svg{margin-left:10px;}.elementor-15034 .elementor-element.elementor-element-2628d69 .jeg-elementor-kit.jkit-button .jkit-button-wrapper{font-size:var( --e-global-typography-6cb29b0-font-size );line-height:var( --e-global-typography-6cb29b0-line-height );letter-spacing:var( --e-global-typography-6cb29b0-letter-spacing );word-spacing:var( --e-global-typography-6cb29b0-word-spacing );}.elementor-15034 .elementor-element.elementor-element-2628d69 .jeg-elementor-kit.jkit-button.icon-position-before .jkit-button-wrapper i, .elementor-15034 .elementor-element.elementor-element-2628d69 .jeg-elementor-kit.jkit-button.icon-position-before .jkit-button-wrapper svg{margin-right:10px;}.elementor-15034 .elementor-element.elementor-element-2628d69 .jeg-elementor-kit.jkit-button.icon-position-after .jkit-button-wrapper i, .elementor-15034 .elementor-element.elementor-element-2628d69 .jeg-elementor-kit.jkit-button.icon-position-after .jkit-button-wrapper svg{margin-left:10px;}.elementor-15034 .elementor-element.elementor-element-79cb25c .jeg-elementor-kit.jkit-button .jkit-button-wrapper{font-size:var( --e-global-typography-6cb29b0-font-size );line-height:var( --e-global-typography-6cb29b0-line-height );letter-spacing:var( --e-global-typography-6cb29b0-letter-spacing );word-spacing:var( --e-global-typography-6cb29b0-word-spacing );}.elementor-15034 .elementor-element.elementor-element-79cb25c .jeg-elementor-kit.jkit-button.icon-position-before .jkit-button-wrapper i, .elementor-15034 .elementor-element.elementor-element-79cb25c .jeg-elementor-kit.jkit-button.icon-position-before .jkit-button-wrapper svg{margin-right:10px;}.elementor-15034 .elementor-element.elementor-element-79cb25c .jeg-elementor-kit.jkit-button.icon-position-after .jkit-button-wrapper i, .elementor-15034 .elementor-element.elementor-element-79cb25c .jeg-elementor-kit.jkit-button.icon-position-after .jkit-button-wrapper svg{margin-left:10px;}.elementor-15034 .elementor-element.elementor-element-7f388f0 .elementor-heading-title{font-size:var( --e-global-typography-580e878-font-size );line-height:var( --e-global-typography-580e878-line-height );letter-spacing:var( --e-global-typography-580e878-letter-spacing );word-spacing:var( --e-global-typography-580e878-word-spacing );}.elementor-15034 .elementor-element.elementor-element-dbbfa80{font-size:17px;}}@media(max-width:767px){.elementor-15034 .elementor-element.elementor-element-335e923{padding:80px 5px 80px 5px;}.elementor-15034 .elementor-element.elementor-element-d82f99b .jeg-elementor-kit.jkit-button .jkit-button-wrapper{font-size:var( --e-global-typography-6cb29b0-font-size );line-height:var( --e-global-typography-6cb29b0-line-height );letter-spacing:var( --e-global-typography-6cb29b0-letter-spacing );word-spacing:var( --e-global-typography-6cb29b0-word-spacing );}.elementor-15034 .elementor-element.elementor-element-d82f99b .jeg-elementor-kit.jkit-button.icon-position-before .jkit-button-wrapper i, .elementor-15034 .elementor-element.elementor-element-d82f99b .jeg-elementor-kit.jkit-button.icon-position-before .jkit-button-wrapper svg{margin-right:10px;}.elementor-15034 .elementor-element.elementor-element-d82f99b .jeg-elementor-kit.jkit-button.icon-position-after .jkit-button-wrapper i, .elementor-15034 .elementor-element.elementor-element-d82f99b .jeg-elementor-kit.jkit-button.icon-position-after .jkit-button-wrapper svg{margin-left:10px;}.elementor-15034 .elementor-element.elementor-element-2628d69 .jeg-elementor-kit.jkit-button .jkit-button-wrapper{font-size:var( --e-global-typography-6cb29b0-font-size );line-height:var( --e-global-typography-6cb29b0-line-height );letter-spacing:var( --e-global-typography-6cb29b0-letter-spacing );word-spacing:var( --e-global-typography-6cb29b0-word-spacing );}.elementor-15034 .elementor-element.elementor-element-2628d69 .jeg-elementor-kit.jkit-button.icon-position-before .jkit-button-wrapper i, .elementor-15034 .elementor-element.elementor-element-2628d69 .jeg-elementor-kit.jkit-button.icon-position-before .jkit-button-wrapper svg{margin-right:10px;}.elementor-15034 .elementor-element.elementor-element-2628d69 .jeg-elementor-kit.jkit-button.icon-position-after .jkit-button-wrapper i, .elementor-15034 .elementor-element.elementor-element-2628d69 .jeg-elementor-kit.jkit-button.icon-position-after .jkit-button-wrapper svg{margin-left:10px;}.elementor-15034 .elementor-element.elementor-element-79cb25c .jeg-elementor-kit.jkit-button .jkit-button-wrapper{font-size:var( --e-global-typography-6cb29b0-font-size );line-height:var( --e-global-typography-6cb29b0-line-height );letter-spacing:var( --e-global-typography-6cb29b0-letter-spacing );word-spacing:var( --e-global-typography-6cb29b0-word-spacing );}.elementor-15034 .elementor-element.elementor-element-79cb25c .jeg-elementor-kit.jkit-button.icon-position-before .jkit-button-wrapper i, .elementor-15034 .elementor-element.elementor-element-79cb25c .jeg-elementor-kit.jkit-button.icon-position-before .jkit-button-wrapper svg{margin-right:10px;}.elementor-15034 .elementor-element.elementor-element-79cb25c .jeg-elementor-kit.jkit-button.icon-position-after .jkit-button-wrapper i, .elementor-15034 .elementor-element.elementor-element-79cb25c .jeg-elementor-kit.jkit-button.icon-position-after .jkit-button-wrapper svg{margin-left:10px;}.elementor-15034 .elementor-element.elementor-element-7f388f0 .elementor-heading-title{font-size:var( --e-global-typography-580e878-font-size );line-height:var( --e-global-typography-580e878-line-height );letter-spacing:var( --e-global-typography-580e878-letter-spacing );word-spacing:var( --e-global-typography-580e878-word-spacing );}.elementor-15034 .elementor-element.elementor-element-7f388f0 > .elementor-widget-container{margin:0px 0px 0px 0px;padding:0px 0px 0px 0px;}.elementor-15034 .elementor-element.elementor-element-dbbfa80{font-size:16px;}.elementor-15034 .elementor-element.elementor-element-dbbfa80 > .elementor-widget-container{padding:0px 0px 0px 0px;}}@media(min-width:768px){.elementor-15034 .elementor-element.elementor-element-59d1364{width:70%;}.elementor-15034 .elementor-element.elementor-element-ba75be4{width:29.957%;}}@media(max-width:1024px) and (min-width:768px){.elementor-15034 .elementor-element.elementor-element-59d1364{width:90%;}}<\/style>\t\t<div data-elementor-type=\"wp-page\" data-elementor-id=\"15034\" class=\"elementor elementor-15034\" data-elementor-post-type=\"page\">\n\t\t\t\t\t\t<section class=\"elementor-section elementor-top-section elementor-element elementor-element-335e923 elementor-section-boxed elementor-section-height-default elementor-section-height-default\" data-id=\"335e923\" data-element_type=\"section\" data-e-type=\"section\" data-settings=\"{&quot;background_background&quot;:&quot;classic&quot;}\">\n\t\t\t\t\t\t<div class=\"elementor-container elementor-column-gap-default\">\n\t\t\t\t\t<div class=\"elementor-column elementor-col-50 elementor-top-column elementor-element elementor-element-59d1364\" data-id=\"59d1364\" data-element_type=\"column\" data-e-type=\"column\">\n\t\t\t<div class=\"elementor-widget-wrap elementor-element-populated\">\n\t\t\t\t\t\t<div class=\"elementor-element elementor-element-d82f99b elementor-widget__width-auto elementor-widget elementor-widget-jkit_button\" data-id=\"d82f99b\" data-element_type=\"widget\" data-e-type=\"widget\" data-widget_type=\"jkit_button.default\">\n\t\t\t\t<div class=\"elementor-widget-container\">\n\t\t\t\t\t<div  class=\"jeg-elementor-kit jkit-button  icon-position-after jeg_module___69d2ba5a094b7\" ><a href=\"\/es\/for-hd-families\/\" class=\"jkit-button-wrapper\">Para familias con EH<i aria-hidden=\"true\" class=\"fas fa-chevron-right\"><\/i><\/a><\/div>\t\t\t\t<\/div>\n\t\t\t\t<\/div>\n\t\t\t\t<div class=\"elementor-element elementor-element-2628d69 elementor-widget__width-auto elementor-widget elementor-widget-jkit_button\" data-id=\"2628d69\" data-element_type=\"widget\" data-e-type=\"widget\" data-widget_type=\"jkit_button.default\">\n\t\t\t\t<div class=\"elementor-widget-container\">\n\t\t\t\t\t<div  class=\"jeg-elementor-kit jkit-button  icon-position-after jeg_module__1_69d2ba5a0a3dd\" ><a href=\"#\" class=\"jkit-button-wrapper\">Involucrarse<i aria-hidden=\"true\" class=\"fas fa-chevron-right\"><\/i><\/a><\/div>\t\t\t\t<\/div>\n\t\t\t\t<\/div>\n\t\t\t\t<div class=\"elementor-element elementor-element-79cb25c elementor-widget__width-auto elementor-widget elementor-widget-jkit_button\" data-id=\"79cb25c\" data-element_type=\"widget\" data-e-type=\"widget\" data-widget_type=\"jkit_button.default\">\n\t\t\t\t<div class=\"elementor-widget-container\">\n\t\t\t\t\t<div  class=\"jeg-elementor-kit jkit-button  icon-position-after jeg_module__2_69d2ba5a0b253\" ><a href=\"#\" class=\"jkit-button-wrapper\">Estudios actuales: en l\u00ednea<\/a><\/div>\t\t\t\t<\/div>\n\t\t\t\t<\/div>\n\t\t\t\t<div class=\"elementor-element elementor-element-a100da2 elementor-widget elementor-widget-spacer\" data-id=\"a100da2\" data-element_type=\"widget\" data-e-type=\"widget\" data-widget_type=\"spacer.default\">\n\t\t\t\t<div class=\"elementor-widget-container\">\n\t\t\t\t\t\t\t<div class=\"elementor-spacer\">\n\t\t\t<div class=\"elementor-spacer-inner\"><\/div>\n\t\t<\/div>\n\t\t\t\t\t\t<\/div>\n\t\t\t\t<\/div>\n\t\t\t\t<div class=\"elementor-element elementor-element-7f388f0 elementor-widget elementor-widget-heading\" data-id=\"7f388f0\" data-element_type=\"widget\" data-e-type=\"widget\" data-widget_type=\"heading.default\">\n\t\t\t\t<div class=\"elementor-widget-container\">\n\t\t\t\t\t<h1 class=\"elementor-heading-title elementor-size-default\">Estudios actuales: en l\u00ednea<\/h1>\t\t\t\t<\/div>\n\t\t\t\t<\/div>\n\t\t\t\t<div class=\"elementor-element elementor-element-dbbfa80 elementor-widget elementor-widget-text-editor\" data-id=\"dbbfa80\" data-element_type=\"widget\" data-e-type=\"widget\" data-widget_type=\"text-editor.default\">\n\t\t\t\t<div class=\"elementor-widget-container\">\n\t\t\t\t\t\t\t\t\t<p>A continuaci\u00f3n se enumeran los estudios en l\u00ednea actuales, incluidas entrevistas virtuales, cuestionarios y encuestas. Siga los enlaces para saber c\u00f3mo participar.<\/p>\t\t\t\t\t\t\t\t<\/div>\n\t\t\t\t<\/div>\n\t\t\t\t\t<\/div>\n\t\t<\/div>\n\t\t\t\t<div class=\"elementor-column elementor-col-50 elementor-top-column elementor-element elementor-element-ba75be4\" data-id=\"ba75be4\" data-element_type=\"column\" data-e-type=\"column\">\n\t\t\t<div class=\"elementor-widget-wrap\">\n\t\t\t\t\t\t\t<\/div>\n\t\t<\/div>\n\t\t\t\t\t<\/div>\n\t\t<\/section>\n\t\t\t\t<section class=\"elementor-section elementor-top-section elementor-element elementor-element-5bcca0f elementor-section-full_width elementor-section-height-default elementor-section-height-default\" data-id=\"5bcca0f\" data-element_type=\"section\" data-e-type=\"section\">\n\t\t\t\t\t\t<div class=\"elementor-container elementor-column-gap-default\">\n\t\t\t\t\t<div class=\"elementor-column elementor-col-100 elementor-top-column elementor-element elementor-element-d639e31\" data-id=\"d639e31\" data-element_type=\"column\" data-e-type=\"column\">\n\t\t\t<div class=\"elementor-widget-wrap elementor-element-populated\">\n\t\t\t\t\t\t<div class=\"elementor-element elementor-element-8c77d20 elementor-widget elementor-widget-html\" data-id=\"8c77d20\" data-element_type=\"widget\" data-e-type=\"widget\" data-widget_type=\"html.default\">\n\t\t\t\t<div class=\"elementor-widget-container\">\n\t\t\t\t\t<script type=\"text\/javascript\">app_id=\"5ef61b10f669390015306f73\";distribution_key=\"dist_13\";<\/script><script type=\"text\/javascript\" src=\"https:\/\/loader.knack.com\/5ef61b10f669390015306f73\/dist_13\/knack.js\"><\/script><div id=\"knack-dist_13\">Cargando...<\/div>\t\t\t\t<\/div>\n\t\t\t\t<\/div>\n\t\t\t\t\t<\/div>\n\t\t<\/div>\n\t\t\t\t\t<\/div>\n\t\t<\/section>\n\t\t\t\t<\/div>","protected":false},"excerpt":{"rendered":"<p>Para familias con EH, participe Estudios actuales: en l\u00ednea Estudios actuales: en l\u00ednea A continuaci\u00f3n se enumeran los estudios actuales en l\u00ednea, que incluyen entrevistas virtuales, cuestionarios y encuestas. Siga los enlaces para saber c\u00f3mo participar. Cargando\u2026<\/p>","protected":false},"author":5,"featured_media":0,"parent":697,"menu_order":0,"comment_status":"closed","ping_status":"closed","template":"","meta":{"footnotes":"","_links_to":"","_links_to_target":""},"class_list":["post-15034","page","type-page","status-publish","hentry"],"_links":{"self":[{"href":"https:\/\/www.enroll-hd.org\/es\/wp-json\/wp\/v2\/pages\/15034","targetHints":{"allow":["GET"]}}],"collection":[{"href":"https:\/\/www.enroll-hd.org\/es\/wp-json\/wp\/v2\/pages"}],"about":[{"href":"https:\/\/www.enroll-hd.org\/es\/wp-json\/wp\/v2\/types\/page"}],"author":[{"embeddable":true,"href":"https:\/\/www.enroll-hd.org\/es\/wp-json\/wp\/v2\/users\/5"}],"replies":[{"embeddable":true,"href":"https:\/\/www.enroll-hd.org\/es\/wp-json\/wp\/v2\/comments?post=15034"}],"version-history":[{"count":22,"href":"https:\/\/www.enroll-hd.org\/es\/wp-json\/wp\/v2\/pages\/15034\/revisions"}],"predecessor-version":[{"id":15108,"href":"https:\/\/www.enroll-hd.org\/es\/wp-json\/wp\/v2\/pages\/15034\/revisions\/15108"}],"up":[{"embeddable":true,"href":"https:\/\/www.enroll-hd.org\/es\/wp-json\/wp\/v2\/pages\/697"}],"wp:attachment":[{"href":"https:\/\/www.enroll-hd.org\/es\/wp-json\/wp\/v2\/media?parent=15034"}],"curies":[{"name":"gracias","href":"https:\/\/api.w.org\/{rel}","templated":true}]}}