{"id":2458,"date":"2021-06-09T15:16:38","date_gmt":"2021-06-09T19:16:38","guid":{"rendered":"http:\/\/54.163.87.178\/?page_id=2458"},"modified":"2021-06-09T15:17:44","modified_gmt":"2021-06-09T19:17:44","slug":"recruitment-retention","status":"publish","type":"page","link":"https:\/\/www.enroll-hd.org\/de\/for-study-sites\/recruitment-retention\/","title":{"rendered":"Rekrutierung und Bindung"},"content":{"rendered":"<style>:root{--page-title-display:none;}<\/style>\t\t<div data-elementor-type=\"wp-page\" data-elementor-id=\"2458\" class=\"elementor elementor-2458\" data-elementor-post-type=\"page\">\n\t\t\t\t\t\t<section class=\"elementor-section elementor-top-section elementor-element elementor-element-75d5c76 elementor-section-boxed elementor-section-height-default elementor-section-height-default\" data-id=\"75d5c76\" data-element_type=\"section\" data-e-type=\"section\">\n\t\t\t\t\t\t<div class=\"elementor-container elementor-column-gap-default\">\n\t\t\t\t\t<div class=\"elementor-column elementor-col-100 elementor-top-column elementor-element elementor-element-b7f1c47\" data-id=\"b7f1c47\" data-element_type=\"column\" data-e-type=\"column\">\n\t\t\t<div class=\"elementor-widget-wrap elementor-element-populated\">\n\t\t\t\t\t\t<div class=\"elementor-element elementor-element-bd32d2f elementor-widget elementor-widget-text-editor\" data-id=\"bd32d2f\" data-element_type=\"widget\" data-e-type=\"widget\" data-widget_type=\"text-editor.default\">\n\t\t\t\t<div class=\"elementor-widget-container\">\n\t\t\t\t\t\t\t\t\t<h1><strong>Personalbeschaffung und-bindung<\/strong><\/h1><p><strong>Gedruckte Rekrutierungsmaterialien:\u00a0<\/strong>Diese Flyer und Poster k\u00f6nnen potenziellen Teilnehmern Enroll-HD vorstellen.<\/p><p>Diese Rekrutierungsflyer wurden vom Western IRB f\u00fcr die Verwendung in den USA und Kanada sowie von zentralen IRBs\/ERBs in Europa genehmigt. M\u00f6glicherweise ben\u00f6tigen Sie jedoch eine zus\u00e4tzliche Genehmigung Ihres \u00f6rtlichen IRB\/ERB. Das m\u00fcssen Sie \u00fcberpr\u00fcfen.<\/p><p>F\u00fcr europ\u00e4ische und lateinamerikanische Websites sind nicht-englischsprachige \u00dcbersetzungen dieser gedruckten Materialien verf\u00fcgbar. F\u00fcr Sendungen und\/oder Anfragen wenden Sie sich an den Standortleiter\/Sprachkoordinatoren; Wenn Sie nicht sicher sind, an wen Sie sich wenden sollen, senden Sie bitte eine E-Mail an den Support (<a href=\"mailto:ITsupport@enroll-hd.org\">ITsupport@enroll-hd.org<\/a>).<\/p>\t\t\t\t\t\t\t\t<\/div>\n\t\t\t\t<\/div>\n\t\t\t\t\t<\/div>\n\t\t<\/div>\n\t\t\t\t\t<\/div>\n\t\t<\/section>\n\t\t\t\t<\/div>","protected":false},"excerpt":{"rendered":"<p>Recruitment and Retention Printed recruitment materials:\u00a0These fliers and posters can\u00a0introduce Enroll-HD to potential participants. These recruitment fliers have been approved by Western IRB for use in the US and Canada, and by central IRBs\/ERBs in Europe. However, you may require additional approval by your local IRB\/ERB. You will have to check. Non-English language translations of [&hellip;]<\/p>\n","protected":false},"author":1,"featured_media":0,"parent":2434,"menu_order":0,"comment_status":"closed","ping_status":"closed","template":"","meta":{"footnotes":"","_links_to":"","_links_to_target":""},"class_list":["post-2458","page","type-page","status-publish","hentry"],"_links":{"self":[{"href":"https:\/\/www.enroll-hd.org\/de\/wp-json\/wp\/v2\/pages\/2458","targetHints":{"allow":["GET"]}}],"collection":[{"href":"https:\/\/www.enroll-hd.org\/de\/wp-json\/wp\/v2\/pages"}],"about":[{"href":"https:\/\/www.enroll-hd.org\/de\/wp-json\/wp\/v2\/types\/page"}],"author":[{"embeddable":true,"href":"https:\/\/www.enroll-hd.org\/de\/wp-json\/wp\/v2\/users\/1"}],"replies":[{"embeddable":true,"href":"https:\/\/www.enroll-hd.org\/de\/wp-json\/wp\/v2\/comments?post=2458"}],"version-history":[{"count":4,"href":"https:\/\/www.enroll-hd.org\/de\/wp-json\/wp\/v2\/pages\/2458\/revisions"}],"predecessor-version":[{"id":2462,"href":"https:\/\/www.enroll-hd.org\/de\/wp-json\/wp\/v2\/pages\/2458\/revisions\/2462"}],"up":[{"embeddable":true,"href":"https:\/\/www.enroll-hd.org\/de\/wp-json\/wp\/v2\/pages\/2434"}],"wp:attachment":[{"href":"https:\/\/www.enroll-hd.org\/de\/wp-json\/wp\/v2\/media?parent=2458"}],"curies":[{"name":"wp","href":"https:\/\/api.w.org\/{rel}","templated":true}]}}