{"id":1266,"date":"2021-05-27T21:18:15","date_gmt":"2021-05-28T01:18:15","guid":{"rendered":"http:\/\/54.163.87.178\/?page_id=1266"},"modified":"2021-05-27T21:27:42","modified_gmt":"2021-05-28T01:27:42","slug":"frequently-asked-questions","status":"publish","type":"page","link":"https:\/\/www.enroll-hd.org\/de\/frequently-asked-questions\/","title":{"rendered":"H\u00e4ufig gestellte Fragen"},"content":{"rendered":"<style>.elementor-1266 .elementor-element.elementor-element-7cc03302 > .elementor-container{max-width:1150px;}.elementor-1266 .elementor-element.elementor-element-7cc03302:not(.elementor-motion-effects-element-type-background), .elementor-1266 .elementor-element.elementor-element-7cc03302 > .elementor-motion-effects-container > .elementor-motion-effects-layer{background-color:transparent;background-image:linear-gradient(90deg, #00000000 60%, var( --e-global-color-primary ) 0%);}.elementor-1266 .elementor-element.elementor-element-7cc03302{transition:background 0.3s, border 0.3s, border-radius 0.3s, box-shadow 0.3s;margin-top:0px;margin-bottom:0px;padding:100px 0px 100px 0px;z-index:0;}.elementor-1266 .elementor-element.elementor-element-7cc03302 > .elementor-background-overlay{transition:background 0.3s, border-radius 0.3s, opacity 0.3s;}.elementor-bc-flex-widget .elementor-1266 .elementor-element.elementor-element-6f0765f1.elementor-column .elementor-widget-wrap{align-items:center;}.elementor-1266 .elementor-element.elementor-element-6f0765f1.elementor-column.elementor-element[data-element_type=\"column\"] > .elementor-widget-wrap.elementor-element-populated{align-content:center;align-items:center;}.elementor-1266 .elementor-element.elementor-element-6f0765f1 > .elementor-element-populated{margin:0px 0px 0px 0px;--e-column-margin-right:0px;--e-column-margin-left:0px;}.elementor-1266 .elementor-element.elementor-element-4f929b88 .elementor-heading-title{font-family:var( --e-global-typography-45ff652-font-family ), Sans-serif;font-size:var( --e-global-typography-45ff652-font-size );font-weight:var( --e-global-typography-45ff652-font-weight );text-transform:var( --e-global-typography-45ff652-text-transform );line-height:var( --e-global-typography-45ff652-line-height );letter-spacing:var( --e-global-typography-45ff652-letter-spacing );word-spacing:var( --e-global-typography-45ff652-word-spacing );color:var( --e-global-color-primary );}.elementor-1266 .elementor-element.elementor-element-4f929b88{width:100%;max-width:100%;}.elementor-1266 .elementor-element.elementor-element-e29d964{text-align:start;}.elementor-1266 .elementor-element.elementor-element-e29d964 .elementor-heading-title{font-family:var( --e-global-typography-secondary-font-family ), Sans-serif;font-size:var( --e-global-typography-secondary-font-size );font-weight:var( --e-global-typography-secondary-font-weight );color:#031B4E;}.elementor-1266 .elementor-element.elementor-element-6268cfb2{font-family:var( --e-global-typography-text-font-family ), Sans-serif;font-size:var( --e-global-typography-text-font-size );font-weight:var( --e-global-typography-text-font-weight );color:#8A91AC;}.elementor-1266 .elementor-element.elementor-element-4bbd6c2f .jeg-elementor-kit.jkit-accordion .card-wrapper .card-header .card-header-button{font-family:var( --e-global-typography-1026598-font-family ), Sans-serif;font-size:var( --e-global-typography-1026598-font-size );font-weight:var( --e-global-typography-1026598-font-weight );line-height:var( --e-global-typography-1026598-line-height );letter-spacing:var( --e-global-typography-1026598-letter-spacing );word-spacing:var( --e-global-typography-1026598-word-spacing );padding:20px 15px 20px 20px;}.elementor-1266 .elementor-element.elementor-element-4bbd6c2f .jeg-elementor-kit.jkit-accordion .card-wrapper.expand .card-header .card-header-button{color:#FFFFFF;}.elementor-1266 .elementor-element.elementor-element-4bbd6c2f .jeg-elementor-kit.jkit-accordion .card-wrapper.expand .card-header:not(.background-gradient) .card-header-button, .elementor-1266 .elementor-element.elementor-element-4bbd6c2f .jeg-elementor-kit.jkit-accordion .card-wrapper .card-header.background-gradient:after{background-color:var( --e-global-color-f4dfc26 );}.elementor-1266 .elementor-element.elementor-element-4bbd6c2f .jeg-elementor-kit.jkit-accordion .card-wrapper:not(.expand) .card-header .card-header-button{color:#292929;box-shadow:0px 0px 10px 0px rgba(0, 0, 0, 0.1);}.elementor-1266 .elementor-element.elementor-element-4bbd6c2f .jeg-elementor-kit.jkit-accordion .card-wrapper .card-header:not(.background-gradient) .card-header-button, .elementor-1266 .elementor-element.elementor-element-4bbd6c2f .jeg-elementor-kit.jkit-accordion .card-wrapper .card-header.background-gradient:before{background-color:#FFFFFF;}.elementor-1266 .elementor-element.elementor-element-4bbd6c2f .jeg-elementor-kit.jkit-accordion .card-expand .card-body{color:#8A91AC;font-family:var( --e-global-typography-text-font-family ), Sans-serif;font-size:var( --e-global-typography-text-font-size );font-weight:var( --e-global-typography-text-font-weight );background-color:#FFFFFF;padding:20px 50px 10px 68px;}.elementor-1266 .elementor-element.elementor-element-4bbd6c2f .jeg-elementor-kit.jkit-accordion .card-wrapper{border-style:solid;border-width:0px 0px 0px 0px;border-radius:0px 0px 0px 0px;}.elementor-1266 .elementor-element.elementor-element-4bbd6c2f .jeg-elementor-kit.jkit-accordion .card-wrapper .card-header .card-header-button [class*=\"icon-group\"]{margin:0px 0px 0px 0px;}.elementor-1266 .elementor-element.elementor-element-66ee6a96 > .elementor-element-populated{margin:0px 0px 0px 50px;--e-column-margin-right:0px;--e-column-margin-left:50px;}.elementor-1266 .elementor-element.elementor-element-6bbd6aee img{width:100%;}.elementor-1266 .elementor-element.elementor-element-3eb907df > .elementor-container{max-width:1150px;}.elementor-1266 .elementor-element.elementor-element-3eb907df{padding:0px 0px 0px 0px;}:root{--page-title-display:none;}@media(max-width:1024px){.elementor-1266 .elementor-element.elementor-element-7cc03302{padding:80px 20px 80px 20px;}.elementor-1266 .elementor-element.elementor-element-6f0765f1 > .elementor-element-populated{padding:0px 0px 0px 0px;}.elementor-1266 .elementor-element.elementor-element-4f929b88 .elementor-heading-title{font-size:var( --e-global-typography-45ff652-font-size );line-height:var( --e-global-typography-45ff652-line-height );letter-spacing:var( --e-global-typography-45ff652-letter-spacing );word-spacing:var( --e-global-typography-45ff652-word-spacing );}.elementor-1266 .elementor-element.elementor-element-e29d964 .elementor-heading-title{font-size:var( --e-global-typography-secondary-font-size );}.elementor-1266 .elementor-element.elementor-element-6268cfb2{font-size:var( --e-global-typography-text-font-size );}.elementor-1266 .elementor-element.elementor-element-4bbd6c2f .jeg-elementor-kit.jkit-accordion .card-wrapper .card-header .card-header-button{font-size:var( --e-global-typography-1026598-font-size );line-height:var( --e-global-typography-1026598-line-height );letter-spacing:var( --e-global-typography-1026598-letter-spacing );word-spacing:var( --e-global-typography-1026598-word-spacing );}.elementor-1266 .elementor-element.elementor-element-4bbd6c2f .jeg-elementor-kit.jkit-accordion .card-expand .card-body{font-size:var( --e-global-typography-text-font-size );}.elementor-1266 .elementor-element.elementor-element-3eb907df{padding:0px 0px 0px 0px;}.elementor-1266 .elementor-element.elementor-element-70ae3bc > .elementor-element-populated{margin:0px 10px 0px 10px;--e-column-margin-right:10px;--e-column-margin-left:10px;}}@media(max-width:767px){.elementor-1266 .elementor-element.elementor-element-7cc03302{padding:50px 15px 50px 15px;}.elementor-1266 .elementor-element.elementor-element-6f0765f1 > .elementor-element-populated{margin:0px 0px 0px 0px;--e-column-margin-right:0px;--e-column-margin-left:0px;padding:0px 0px 40px 0px;}.elementor-1266 .elementor-element.elementor-element-4f929b88 .elementor-heading-title{font-size:var( --e-global-typography-45ff652-font-size );line-height:var( --e-global-typography-45ff652-line-height );letter-spacing:var( --e-global-typography-45ff652-letter-spacing );word-spacing:var( --e-global-typography-45ff652-word-spacing );}.elementor-1266 .elementor-element.elementor-element-e29d964 .elementor-heading-title{font-size:var( --e-global-typography-secondary-font-size );}.elementor-1266 .elementor-element.elementor-element-6268cfb2{font-size:var( --e-global-typography-text-font-size );}.elementor-1266 .elementor-element.elementor-element-4bbd6c2f .jeg-elementor-kit.jkit-accordion .card-wrapper .card-header .card-header-button{font-size:var( --e-global-typography-1026598-font-size );line-height:var( --e-global-typography-1026598-line-height );letter-spacing:var( --e-global-typography-1026598-letter-spacing );word-spacing:var( --e-global-typography-1026598-word-spacing );}.elementor-1266 .elementor-element.elementor-element-4bbd6c2f .jeg-elementor-kit.jkit-accordion .card-expand .card-body{font-size:var( --e-global-typography-text-font-size );}.elementor-1266 .elementor-element.elementor-element-3eb907df{padding:0px 0px 0px 0px;}.elementor-1266 .elementor-element.elementor-element-70ae3bc > .elementor-element-populated{margin:0px 5px 0px 5px;--e-column-margin-right:5px;--e-column-margin-left:5px;}}@media(min-width:768px){.elementor-1266 .elementor-element.elementor-element-6f0765f1{width:43.246%;}.elementor-1266 .elementor-element.elementor-element-66ee6a96{width:56.711%;}}@media(max-width:1024px) and (min-width:768px){.elementor-1266 .elementor-element.elementor-element-6f0765f1{width:58%;}.elementor-1266 .elementor-element.elementor-element-66ee6a96{width:100%;}}<\/style>\t\t<div data-elementor-type=\"wp-page\" data-elementor-id=\"1266\" class=\"elementor elementor-1266\" data-elementor-post-type=\"page\">\n\t\t\t\t\t\t<section class=\"elementor-section elementor-top-section elementor-element elementor-element-7cc03302 elementor-section-boxed elementor-section-height-default elementor-section-height-default\" data-id=\"7cc03302\" data-element_type=\"section\" data-e-type=\"section\" data-settings=\"{&quot;background_background&quot;:&quot;gradient&quot;}\">\n\t\t\t\t\t\t<div class=\"elementor-container elementor-column-gap-default\">\n\t\t\t\t\t<div class=\"elementor-column elementor-col-50 elementor-top-column elementor-element elementor-element-6f0765f1\" data-id=\"6f0765f1\" data-element_type=\"column\" data-e-type=\"column\">\n\t\t\t<div class=\"elementor-widget-wrap elementor-element-populated\">\n\t\t\t\t\t\t<div class=\"elementor-element elementor-element-4f929b88 elementor-widget__width-inherit elementor-widget elementor-widget-heading\" data-id=\"4f929b88\" data-element_type=\"widget\" data-e-type=\"widget\" data-widget_type=\"heading.default\">\n\t\t\t\t<div class=\"elementor-widget-container\">\n\t\t\t\t\t<div class=\"elementor-heading-title elementor-size-default\">Enroll-HD<\/div>\t\t\t\t<\/div>\n\t\t\t\t<\/div>\n\t\t\t\t<div class=\"elementor-element elementor-element-e29d964 elementor-widget elementor-widget-heading\" data-id=\"e29d964\" data-element_type=\"widget\" data-e-type=\"widget\" data-widget_type=\"heading.default\">\n\t\t\t\t<div class=\"elementor-widget-container\">\n\t\t\t\t\t<h2 class=\"elementor-heading-title elementor-size-default\">H\u00e4ufig gestellte Fragen<\/h2>\t\t\t\t<\/div>\n\t\t\t\t<\/div>\n\t\t\t\t<div class=\"elementor-element elementor-element-6268cfb2 elementor-widget elementor-widget-text-editor\" data-id=\"6268cfb2\" data-element_type=\"widget\" data-e-type=\"widget\" data-widget_type=\"text-editor.default\">\n\t\t\t\t<div class=\"elementor-widget-container\">\n\t\t\t\t\t\t\t\t\t<p>Sed ut perspiciatis unde omnis iste natus error sit voluptatem accusantium doloremque laudantium totam rem aperiam eaque ipsa quae illo inventore veritatis quasi architecto beatae.<\/p>\t\t\t\t\t\t\t\t<\/div>\n\t\t\t\t<\/div>\n\t\t\t\t<div class=\"elementor-element elementor-element-4bbd6c2f elementor-widget elementor-widget-jkit_accordion\" data-id=\"4bbd6c2f\" data-element_type=\"widget\" data-e-type=\"widget\" data-widget_type=\"jkit_accordion.default\">\n\t\t\t\t<div class=\"elementor-widget-container\">\n\t\t\t\t\t<div  class=\"jeg-elementor-kit jkit-accordion style-default jeg_module___69d6be909ddf4\" ><div class=\"card-wrapper expand\">\n                <div class=\"card-header\">\n                    <a href=\"#expand-aae80d4\" class=\"card-header-button\" aria-expanded=\"false\" data-target=\"#expand-aae80d4\" aria-controls=\"expand-aae80d4\">\n                        <div class=\"left-icon-group\">\n                <div class=\"normal-icon\"><i aria-hidden=\"true\" class=\"jki jki-plus-line\"><\/i><\/div>\n                <div class=\"active-icon\"><i aria-hidden=\"true\" class=\"jki jki-times-solid\"><\/i><\/div>\n            <\/div><span class=\"title\">Lorem ipsum dolor sit amet<\/span>\n                    <\/a>\n                <\/div>\n                <div class=\"card-expand\" id=\"expand-aae80d4\" style=\"display:block\"><div class=\"card-body\"><p>Lorem ipsum dolor sit amet, consectetuer adipiscing elit. \u00c4neischer Commodo ligula eget dolor. \u00c4neischer Massaum Sociis Natoque Penatibus.<\/p><\/div><\/div>\n            <\/div><div class=\"card-wrapper\">\n                <div class=\"card-header\">\n                    <a href=\"#expand-82fbab9\" class=\"card-header-button\" aria-expanded=\"false\" data-target=\"#expand-82fbab9\" aria-controls=\"expand-82fbab9\">\n                        <div class=\"left-icon-group\">\n                <div class=\"normal-icon\"><i aria-hidden=\"true\" class=\"jki jki-plus-line\"><\/i><\/div>\n                <div class=\"active-icon\"><i aria-hidden=\"true\" class=\"jki jki-times-solid\"><\/i><\/div>\n            <\/div><span class=\"title\">\u00c4neischer Massaum Sociis Natoque Penatibus<\/span>\n                    <\/a>\n                <\/div>\n                <div class=\"card-expand\" id=\"expand-82fbab9\" style=\"display:none\"><div class=\"card-body\"><p>Lorem ipsum dolor sit amet, consectetuer adipiscing elit. \u00c4neischer Commodo ligula eget dolor. \u00c4neischer Massaum Sociis Natoque Penatibus.<\/p><\/div><\/div>\n            <\/div><div class=\"card-wrapper\">\n                <div class=\"card-header\">\n                    <a href=\"#expand-f4fc474\" class=\"card-header-button\" aria-expanded=\"false\" data-target=\"#expand-f4fc474\" aria-controls=\"expand-f4fc474\">\n                        <div class=\"left-icon-group\">\n                <div class=\"normal-icon\"><i aria-hidden=\"true\" class=\"jki jki-plus-line\"><\/i><\/div>\n                <div class=\"active-icon\"><i aria-hidden=\"true\" class=\"jki jki-times-solid\"><\/i><\/div>\n            <\/div><span class=\"title\">\u00c4neischer Commodo ligula ege<\/span>\n                    <\/a>\n                <\/div>\n                <div class=\"card-expand\" id=\"expand-f4fc474\" style=\"display:none\"><div class=\"card-body\"><p>Lorem ipsum dolor sit amet, consectetuer adipiscing elit. \u00c4neischer Commodo ligula eget dolor. \u00c4neischer Massaum Sociis Natoque Penatibus.<\/p><\/div><\/div>\n            <\/div><\/div>\t\t\t\t<\/div>\n\t\t\t\t<\/div>\n\t\t\t\t\t<\/div>\n\t\t<\/div>\n\t\t\t\t<div class=\"elementor-column elementor-col-50 elementor-top-column elementor-element elementor-element-66ee6a96 elementor-hidden-tablet elementor-hidden-phone\" data-id=\"66ee6a96\" data-element_type=\"column\" data-e-type=\"column\">\n\t\t\t<div class=\"elementor-widget-wrap elementor-element-populated\">\n\t\t\t\t\t\t<div class=\"elementor-element elementor-element-6bbd6aee elementor-widget elementor-widget-image\" data-id=\"6bbd6aee\" data-element_type=\"widget\" data-e-type=\"widget\" data-widget_type=\"image.default\">\n\t\t\t\t<div class=\"elementor-widget-container\">\n\t\t\t\t\t\t\t\t\t\t\t\t\t\t\t<img fetchpriority=\"high\" decoding=\"async\" width=\"2000\" height=\"2000\" src=\"https:\/\/ftp.enroll-hd.org\/wp-content\/uploads\/2021\/05\/scientist-researching-in-laboratory.jpg\" class=\"attachment-full size-full wp-image-172\" alt=\"\" srcset=\"https:\/\/ftp.enroll-hd.org\/wp-content\/uploads\/2021\/05\/scientist-researching-in-laboratory.jpg 2000w, https:\/\/ftp.enroll-hd.org\/wp-content\/uploads\/2021\/05\/scientist-researching-in-laboratory-300x300.jpg 300w, https:\/\/ftp.enroll-hd.org\/wp-content\/uploads\/2021\/05\/scientist-researching-in-laboratory-1024x1024.jpg 1024w, https:\/\/ftp.enroll-hd.org\/wp-content\/uploads\/2021\/05\/scientist-researching-in-laboratory-150x150.jpg 150w, https:\/\/ftp.enroll-hd.org\/wp-content\/uploads\/2021\/05\/scientist-researching-in-laboratory-768x768.jpg 768w, https:\/\/ftp.enroll-hd.org\/wp-content\/uploads\/2021\/05\/scientist-researching-in-laboratory-1536x1536.jpg 1536w\" sizes=\"(max-width: 2000px) 100vw, 2000px\" \/>\t\t\t\t\t\t\t\t\t\t\t\t\t\t\t<\/div>\n\t\t\t\t<\/div>\n\t\t\t\t\t<\/div>\n\t\t<\/div>\n\t\t\t\t\t<\/div>\n\t\t<\/section>\n\t\t\t\t<section class=\"elementor-section elementor-top-section elementor-element elementor-element-3eb907df elementor-section-boxed elementor-section-height-default elementor-section-height-default\" data-id=\"3eb907df\" data-element_type=\"section\" data-e-type=\"section\">\n\t\t\t\t\t\t<div class=\"elementor-container elementor-column-gap-default\">\n\t\t\t\t\t<div class=\"elementor-column elementor-col-100 elementor-top-column elementor-element elementor-element-70ae3bc\" data-id=\"70ae3bc\" data-element_type=\"column\" data-e-type=\"column\">\n\t\t\t<div class=\"elementor-widget-wrap\">\n\t\t\t\t\t\t\t<\/div>\n\t\t<\/div>\n\t\t\t\t\t<\/div>\n\t\t<\/section>\n\t\t\t\t<\/div>","protected":false},"excerpt":{"rendered":"<p>Enroll-HD \u2013 H\u00e4ufig gestellte Fragen Sed ut perspiciatis unde omnis iste natus error sit voluptatem accusantium doloremque laudantium totam rem aperiam eaque ipsa quae illo inventore veritatis quasi architecto beatae. Lorem ipsum dolor sit amet. Lorem ipsum dolor sit amet, consectetuer adipiscing elit. \u00c4neischer Commodo ligula eget dolor. \u00c4neischer Massaum Sociis Natoque Penatibus. \u00c4neisches Massaum Sociis [\u2026]<\/p>","protected":false},"author":1,"featured_media":0,"parent":0,"menu_order":0,"comment_status":"closed","ping_status":"closed","template":"","meta":{"footnotes":"","_links_to":"","_links_to_target":""},"class_list":["post-1266","page","type-page","status-publish","hentry"],"_links":{"self":[{"href":"https:\/\/www.enroll-hd.org\/de\/wp-json\/wp\/v2\/pages\/1266","targetHints":{"allow":["GET"]}}],"collection":[{"href":"https:\/\/www.enroll-hd.org\/de\/wp-json\/wp\/v2\/pages"}],"about":[{"href":"https:\/\/www.enroll-hd.org\/de\/wp-json\/wp\/v2\/types\/page"}],"author":[{"embeddable":true,"href":"https:\/\/www.enroll-hd.org\/de\/wp-json\/wp\/v2\/users\/1"}],"replies":[{"embeddable":true,"href":"https:\/\/www.enroll-hd.org\/de\/wp-json\/wp\/v2\/comments?post=1266"}],"version-history":[{"count":19,"href":"https:\/\/www.enroll-hd.org\/de\/wp-json\/wp\/v2\/pages\/1266\/revisions"}],"predecessor-version":[{"id":1286,"href":"https:\/\/www.enroll-hd.org\/de\/wp-json\/wp\/v2\/pages\/1266\/revisions\/1286"}],"wp:attachment":[{"href":"https:\/\/www.enroll-hd.org\/de\/wp-json\/wp\/v2\/media?parent=1266"}],"curies":[{"name":"wp","href":"https:\/\/api.w.org\/{rel}","templated":true}]}}